{"id":775,"date":"2023-02-17T12:36:48","date_gmt":"2023-02-17T11:36:48","guid":{"rendered":"https:\/\/www.labarcarolle.ch\/contact\/"},"modified":"2024-07-04T10:59:21","modified_gmt":"2024-07-04T08:59:21","slug":"contact","status":"publish","type":"page","link":"https:\/\/www.labarcarolle.ch\/en\/contact\/","title":{"rendered":"Contact"},"content":{"rendered":"\n<header class=\"c-page-hero bg--gray\">\n    <div class=\"parollax-y-up\">\n        <div class=\"c-page-hero__container\" style=\"background-image:url('https:\/\/www.labarcarolle.ch\/wp-content\/uploads\/2023\/02\/la-barcarolle-contact-header-bandeau@2x-scaled.jpg')\">\n            <div class=\"c-page-hero__title\">\n                                    <h1 class=\"title__page\">Contact<\/h1>\n                                            <\/div>\n                    <\/div>\n    <\/div>\n<\/header>\n\n<div class=\"wp-block-group bg--gray\"><div class=\"wp-block-group__inner-container is-layout-constrained wp-block-group-is-layout-constrained\">\n<h2 class=\"wp-block-heading has-text-align-center\">Contact us or leave a comment<\/h2>\n\n\n\n<p class=\"has-text-align-center\">Your feedback is important to us<\/p>\n\n\n\n<div style=\"height:100px\" aria-hidden=\"true\" class=\"wp-block-spacer\"><\/div>\n\n\n\n<div class=\"wp-block-columns is-layout-flex wp-container-core-columns-is-layout-9d6595d7 wp-block-columns-is-layout-flex\">\n<div class=\"wp-block-column is-layout-flow wp-block-column-is-layout-flow\" style=\"flex-basis:45%\">\n<h2 class=\"wp-block-heading has-text-align-center\">H\u00f4tel La Barcarolle<\/h2>\n\n\n\n<p class=\"has-text-align-center\">Route de Pormenthoux 8<br\/>1197 Prangins<\/p>\n\n\n\n<p class=\"has-text-align-center\"><a href=\"tel:0041223657878\" target=\"_blank\" rel=\"noreferrer noopener\">T. + 41 22 365 78 78<\/a><\/p>\n\n\n\n<p class=\"has-text-align-center\">F. + 41 22 365 78 00<\/p>\n\n\n\n<p class=\"has-text-align-center\"><a href=\"mailto:reservation@hotel-labarcarolle.ch\" target=\"_blank\" rel=\"noreferrer noopener\">reservation@hotel-labarcarolle.ch<\/a><\/p>\n\n\n\n<div class=\"wp-block-group py-xs-5 is-content-justification-center is-nowrap is-layout-flex wp-container-core-group-is-layout-94bc23d7 wp-block-group-is-layout-flex\">\n<figure class=\"wp-block-image size-large\"><img loading=\"lazy\" decoding=\"async\" width=\"27\" height=\"27\" src=\"https:\/\/www.labarcarolle.ch\/wp-content\/uploads\/2023\/02\/la-barcarolle-contact-picto-facebook.svg\" alt=\"\" class=\"wp-image-304\"\/><\/figure>\n\n\n\n<figure class=\"wp-block-image size-large\"><img loading=\"lazy\" decoding=\"async\" width=\"27\" height=\"27\" src=\"https:\/\/www.labarcarolle.ch\/wp-content\/uploads\/2023\/02\/la-barcarolle-contact-picto-linkedin.svg\" alt=\"\" class=\"wp-image-303\"\/><\/figure>\n<\/div>\n<\/div>\n\n\n\n<div class=\"wp-block-column is-layout-flow wp-block-column-is-layout-flow\" style=\"flex-basis:55%\">\n<div class=\"wpcf7 no-js\" id=\"wpcf7-f773-o1\" lang=\"en-US\" dir=\"ltr\">\n<div class=\"screen-reader-response\"><p role=\"status\" aria-live=\"polite\" aria-atomic=\"true\"><\/p> <ul><\/ul><\/div>\n<form action=\"\/en\/wp-json\/wp\/v2\/pages\/775#wpcf7-f773-o1\" method=\"post\" class=\"wpcf7-form init\" aria-label=\"Contact form\" novalidate=\"novalidate\" data-status=\"init\">\n<div style=\"display: none;\">\n<input type=\"hidden\" name=\"_wpcf7\" value=\"773\" \/>\n<input type=\"hidden\" name=\"_wpcf7_version\" value=\"5.9.8\" \/>\n<input type=\"hidden\" name=\"_wpcf7_locale\" value=\"en_US\" \/>\n<input type=\"hidden\" name=\"_wpcf7_unit_tag\" value=\"wpcf7-f773-o1\" \/>\n<input type=\"hidden\" name=\"_wpcf7_container_post\" value=\"0\" \/>\n<input type=\"hidden\" name=\"_wpcf7_posted_data_hash\" value=\"\" \/>\n<input type=\"hidden\" name=\"_wpcf7_recaptcha_response\" value=\"\" \/>\n<\/div>\n<p><span class=\"wpcf7-form-control-wrap\" data-name=\"your-name\"><input size=\"40\" maxlength=\"400\" class=\"wpcf7-form-control wpcf7-text wpcf7-validates-as-required\" autocomplete=\"name\" aria-required=\"true\" aria-invalid=\"false\" placeholder=\"Name \/ First name*\" value=\"\" type=\"text\" name=\"your-name\" \/><\/span>\n<\/p>\n<p><span class=\"wpcf7-form-control-wrap\" data-name=\"your-email\"><input size=\"40\" maxlength=\"400\" class=\"wpcf7-form-control wpcf7-email wpcf7-validates-as-required wpcf7-text wpcf7-validates-as-email\" autocomplete=\"email\" aria-required=\"true\" aria-invalid=\"false\" placeholder=\"Email*\" value=\"\" type=\"email\" name=\"your-email\" \/><\/span>\n<\/p>\n<p><span class=\"wpcf7-form-control-wrap\" data-name=\"your-message\"><textarea cols=\"40\" rows=\"10\" maxlength=\"2000\" class=\"wpcf7-form-control wpcf7-textarea\" aria-invalid=\"false\" placeholder=\"Message*\" name=\"your-message\"><\/textarea><\/span>\n<\/p>\n<div class=\"acceptance\">\n\t<p><span class=\"wpcf7-form-control-wrap\" data-name=\"validation\"><span class=\"wpcf7-form-control wpcf7-acceptance optional\"><span class=\"wpcf7-list-item\"><input type=\"checkbox\" name=\"validation\" value=\"1\" aria-invalid=\"false\" \/><\/span><\/span><\/span><label>By checking this box and pressing \"send\", I accept that the information entered on this form will be used exclusively for my request and the ethical and personalized commercial relationship that may result. To find out about and exercise your rights, in particular to withdraw your consent to the use of data collected by this form, please consult our Privacy Policy.<\/label>\n\t<\/p>\n<\/div>\n<p><input class=\"wpcf7-form-control wpcf7-submit has-spinner\" type=\"submit\" value=\"Send\" \/>\n<\/p><input type='hidden' class='wpcf7-pum' value='{\"closepopup\":false,\"closedelay\":0,\"openpopup\":false,\"openpopup_id\":0}' \/><div class=\"wpcf7-response-output\" aria-hidden=\"true\"><\/div>\n<\/form>\n<\/div>\n\n<\/div>\n<\/div>\n<\/div><\/div>\n\n\n<section id=\"banner-block_9ba5e793969354a18e3fab32448006d7\" class=\"c-block-text-image py-md-80 py-xs-50\">\n    <div class=\"c-block-text-image__grid grid\">\n        <div class=\"c-block-text-image__text-container cell-x-sm-7-6 is-small cell-x-xs-2-12 cell-y-xs-2-1 cell-y-sm-1-2 cell-front vert-flex\">\n            <div class=\"c-block-text-image__text\">\n                <div><h2 style=\"text-align: center;\">Subscribe to our newsletter!<\/h2>\n<p style=\"text-align: center;\">Do you want to know our news, novelties and offers? Subscribe now!<\/p>\n<p>&nbsp;<\/p>\n<p style=\"text-align: center;\"><script data-xp-widget-newsletter-354 src=\"https:\/\/widgets.experience-hotel.com\/front\/widget\/widget-newsletter\/bootstrap.js?widget_id=354\"><\/script><\/p>\n<\/div>\n                            <\/div>\n        <\/div>\n        <div class=\"c-block-text-image__image parallax-up cell-x-xs-1-14 cell-x-sm-1-7 cell-y-xs-1-1 cell-y-sm-1-2\">\n            <div class=\"c-block-text-image__image-item\">\n                <img decoding=\"async\" src=\"https:\/\/www.labarcarolle.ch\/wp-content\/uploads\/2023\/02\/la-barcarolle-contact-newsletter-image-01@2x.jpg\" alt=\"\">\n            <\/div>\n            <div class=\"c-block-text-image__image-item\">\n                <img decoding=\"async\" src=\"https:\/\/www.labarcarolle.ch\/wp-content\/uploads\/2023\/02\/la-barcarolle-contact-newsletter-image-02@2x.jpg\" alt=\"\">\n            <\/div>\n        <\/div>\n    <\/div>\n<\/section>\n","protected":false},"excerpt":{"rendered":"<p>Contact us or leave a comment Your feedback is important to us H\u00f4tel La Barcarolle Route de Pormenthoux 81197 Prangins T. + 41 22 365 78 78 F. + 41 22 365 78 00 reservation@hotel-labarcarolle.ch<\/p>\n","protected":false},"author":1,"featured_media":0,"parent":0,"menu_order":0,"comment_status":"closed","ping_status":"closed","template":"","meta":{"_acf_changed":false,"footnotes":""},"class_list":["post-775","page","type-page","status-publish","hentry"],"acf":[],"yoast_head":"<!-- This site is optimized with the Yoast SEO plugin v23.1 - https:\/\/yoast.com\/wordpress\/plugins\/seo\/ -->\n<title>Any question? Contact us | 4 stars Hotel Restaurant La Barcarolle<\/title>\n<meta name=\"description\" content=\"Do not hesitate to contact us for more information about your stay. Your 4 stars Hotel La Barcarolle will be pleased to answer you as soon as possible.\" \/>\n<meta name=\"robots\" content=\"index, follow, max-snippet:-1, max-image-preview:large, max-video-preview:-1\" \/>\n<link rel=\"canonical\" href=\"https:\/\/www.labarcarolle.ch\/en\/contact\/\" \/>\n<meta property=\"og:locale\" content=\"en_US\" \/>\n<meta property=\"og:type\" content=\"article\" \/>\n<meta property=\"og:title\" content=\"Any question? Contact us | 4 stars Hotel Restaurant La Barcarolle\" \/>\n<meta property=\"og:description\" content=\"Do not hesitate to contact us for more information about your stay. Your 4 stars Hotel La Barcarolle will be pleased to answer you as soon as possible.\" \/>\n<meta property=\"og:url\" content=\"https:\/\/www.labarcarolle.ch\/en\/contact\/\" \/>\n<meta property=\"og:site_name\" content=\"La Barcarolle Hotel\" \/>\n<meta property=\"article:modified_time\" content=\"2024-07-04T08:59:21+00:00\" \/>\n<meta property=\"og:image\" content=\"https:\/\/www.labarcarolle.ch\/wp-content\/uploads\/2023\/02\/la-barcarolle-contact-picto-facebook.svg\" \/>\n<meta name=\"twitter:card\" content=\"summary_large_image\" \/>\n<meta name=\"twitter:label1\" content=\"Est. reading time\" \/>\n\t<meta name=\"twitter:data1\" content=\"1 minute\" \/>\n<script type=\"application\/ld+json\" class=\"yoast-schema-graph\">{\"@context\":\"https:\/\/schema.org\",\"@graph\":[{\"@type\":\"WebPage\",\"@id\":\"https:\/\/www.labarcarolle.ch\/en\/contact\/\",\"url\":\"https:\/\/www.labarcarolle.ch\/en\/contact\/\",\"name\":\"Any question? Contact us | 4 stars Hotel Restaurant La Barcarolle\",\"isPartOf\":{\"@id\":\"https:\/\/www.labarcarolle.ch\/en\/#website\"},\"primaryImageOfPage\":{\"@id\":\"https:\/\/www.labarcarolle.ch\/en\/contact\/#primaryimage\"},\"image\":{\"@id\":\"https:\/\/www.labarcarolle.ch\/en\/contact\/#primaryimage\"},\"thumbnailUrl\":\"https:\/\/www.labarcarolle.ch\/wp-content\/uploads\/2023\/02\/la-barcarolle-contact-picto-facebook.svg\",\"datePublished\":\"2023-02-17T11:36:48+00:00\",\"dateModified\":\"2024-07-04T08:59:21+00:00\",\"description\":\"Do not hesitate to contact us for more information about your stay. Your 4 stars Hotel La Barcarolle will be pleased to answer you as soon as possible.\",\"breadcrumb\":{\"@id\":\"https:\/\/www.labarcarolle.ch\/en\/contact\/#breadcrumb\"},\"inLanguage\":\"en-US\",\"potentialAction\":[{\"@type\":\"ReadAction\",\"target\":[\"https:\/\/www.labarcarolle.ch\/en\/contact\/\"]}]},{\"@type\":\"ImageObject\",\"inLanguage\":\"en-US\",\"@id\":\"https:\/\/www.labarcarolle.ch\/en\/contact\/#primaryimage\",\"url\":\"https:\/\/www.labarcarolle.ch\/wp-content\/uploads\/2023\/02\/la-barcarolle-contact-picto-facebook.svg\",\"contentUrl\":\"https:\/\/www.labarcarolle.ch\/wp-content\/uploads\/2023\/02\/la-barcarolle-contact-picto-facebook.svg\"},{\"@type\":\"BreadcrumbList\",\"@id\":\"https:\/\/www.labarcarolle.ch\/en\/contact\/#breadcrumb\",\"itemListElement\":[{\"@type\":\"ListItem\",\"position\":1,\"name\":\"Home\",\"item\":\"https:\/\/www.labarcarolle.ch\/en\/\"},{\"@type\":\"ListItem\",\"position\":2,\"name\":\"Contact\"}]},{\"@type\":\"WebSite\",\"@id\":\"https:\/\/www.labarcarolle.ch\/en\/#website\",\"url\":\"https:\/\/www.labarcarolle.ch\/en\/\",\"name\":\"La Barcarolle Hotel\",\"description\":\"Un h\u00f4tel unique entre Gen\u00e8ve et Lausanne avec un acc\u00e8s direct au lac\",\"publisher\":{\"@id\":\"https:\/\/www.labarcarolle.ch\/en\/#organization\"},\"alternateName\":\"Barcarolle\",\"potentialAction\":[{\"@type\":\"SearchAction\",\"target\":{\"@type\":\"EntryPoint\",\"urlTemplate\":\"https:\/\/www.labarcarolle.ch\/en\/?s={search_term_string}\"},\"query-input\":\"required name=search_term_string\"}],\"inLanguage\":\"en-US\"},{\"@type\":\"Organization\",\"@id\":\"https:\/\/www.labarcarolle.ch\/en\/#organization\",\"name\":\"La Barcarolle Hotel\",\"url\":\"https:\/\/www.labarcarolle.ch\/en\/\",\"logo\":{\"@type\":\"ImageObject\",\"inLanguage\":\"en-US\",\"@id\":\"https:\/\/www.labarcarolle.ch\/en\/#\/schema\/logo\/image\/\",\"url\":\"https:\/\/www.labarcarolle.ch\/wp-content\/uploads\/2023\/10\/la-barcarolle-menu-logo.svg\",\"contentUrl\":\"https:\/\/www.labarcarolle.ch\/wp-content\/uploads\/2023\/10\/la-barcarolle-menu-logo.svg\",\"width\":787,\"height\":250,\"caption\":\"La Barcarolle Hotel\"},\"image\":{\"@id\":\"https:\/\/www.labarcarolle.ch\/en\/#\/schema\/logo\/image\/\"}}]}<\/script>\n<!-- \/ Yoast SEO plugin. -->","yoast_head_json":{"title":"Any question? Contact us | 4 stars Hotel Restaurant La Barcarolle","description":"Do not hesitate to contact us for more information about your stay. Your 4 stars Hotel La Barcarolle will be pleased to answer you as soon as possible.","robots":{"index":"index","follow":"follow","max-snippet":"max-snippet:-1","max-image-preview":"max-image-preview:large","max-video-preview":"max-video-preview:-1"},"canonical":"https:\/\/www.labarcarolle.ch\/en\/contact\/","og_locale":"en_US","og_type":"article","og_title":"Any question? Contact us | 4 stars Hotel Restaurant La Barcarolle","og_description":"Do not hesitate to contact us for more information about your stay. Your 4 stars Hotel La Barcarolle will be pleased to answer you as soon as possible.","og_url":"https:\/\/www.labarcarolle.ch\/en\/contact\/","og_site_name":"La Barcarolle Hotel","article_modified_time":"2024-07-04T08:59:21+00:00","og_image":[{"url":"https:\/\/www.labarcarolle.ch\/wp-content\/uploads\/2023\/02\/la-barcarolle-contact-picto-facebook.svg"}],"twitter_card":"summary_large_image","twitter_misc":{"Est. reading time":"1 minute"},"schema":{"@context":"https:\/\/schema.org","@graph":[{"@type":"WebPage","@id":"https:\/\/www.labarcarolle.ch\/en\/contact\/","url":"https:\/\/www.labarcarolle.ch\/en\/contact\/","name":"Any question? Contact us | 4 stars Hotel Restaurant La Barcarolle","isPartOf":{"@id":"https:\/\/www.labarcarolle.ch\/en\/#website"},"primaryImageOfPage":{"@id":"https:\/\/www.labarcarolle.ch\/en\/contact\/#primaryimage"},"image":{"@id":"https:\/\/www.labarcarolle.ch\/en\/contact\/#primaryimage"},"thumbnailUrl":"https:\/\/www.labarcarolle.ch\/wp-content\/uploads\/2023\/02\/la-barcarolle-contact-picto-facebook.svg","datePublished":"2023-02-17T11:36:48+00:00","dateModified":"2024-07-04T08:59:21+00:00","description":"Do not hesitate to contact us for more information about your stay. Your 4 stars Hotel La Barcarolle will be pleased to answer you as soon as possible.","breadcrumb":{"@id":"https:\/\/www.labarcarolle.ch\/en\/contact\/#breadcrumb"},"inLanguage":"en-US","potentialAction":[{"@type":"ReadAction","target":["https:\/\/www.labarcarolle.ch\/en\/contact\/"]}]},{"@type":"ImageObject","inLanguage":"en-US","@id":"https:\/\/www.labarcarolle.ch\/en\/contact\/#primaryimage","url":"https:\/\/www.labarcarolle.ch\/wp-content\/uploads\/2023\/02\/la-barcarolle-contact-picto-facebook.svg","contentUrl":"https:\/\/www.labarcarolle.ch\/wp-content\/uploads\/2023\/02\/la-barcarolle-contact-picto-facebook.svg"},{"@type":"BreadcrumbList","@id":"https:\/\/www.labarcarolle.ch\/en\/contact\/#breadcrumb","itemListElement":[{"@type":"ListItem","position":1,"name":"Home","item":"https:\/\/www.labarcarolle.ch\/en\/"},{"@type":"ListItem","position":2,"name":"Contact"}]},{"@type":"WebSite","@id":"https:\/\/www.labarcarolle.ch\/en\/#website","url":"https:\/\/www.labarcarolle.ch\/en\/","name":"La Barcarolle Hotel","description":"Un h\u00f4tel unique entre Gen\u00e8ve et Lausanne avec un acc\u00e8s direct au lac","publisher":{"@id":"https:\/\/www.labarcarolle.ch\/en\/#organization"},"alternateName":"Barcarolle","potentialAction":[{"@type":"SearchAction","target":{"@type":"EntryPoint","urlTemplate":"https:\/\/www.labarcarolle.ch\/en\/?s={search_term_string}"},"query-input":"required name=search_term_string"}],"inLanguage":"en-US"},{"@type":"Organization","@id":"https:\/\/www.labarcarolle.ch\/en\/#organization","name":"La Barcarolle Hotel","url":"https:\/\/www.labarcarolle.ch\/en\/","logo":{"@type":"ImageObject","inLanguage":"en-US","@id":"https:\/\/www.labarcarolle.ch\/en\/#\/schema\/logo\/image\/","url":"https:\/\/www.labarcarolle.ch\/wp-content\/uploads\/2023\/10\/la-barcarolle-menu-logo.svg","contentUrl":"https:\/\/www.labarcarolle.ch\/wp-content\/uploads\/2023\/10\/la-barcarolle-menu-logo.svg","width":787,"height":250,"caption":"La Barcarolle Hotel"},"image":{"@id":"https:\/\/www.labarcarolle.ch\/en\/#\/schema\/logo\/image\/"}}]}},"_links":{"self":[{"href":"https:\/\/www.labarcarolle.ch\/en\/wp-json\/wp\/v2\/pages\/775","targetHints":{"allow":["GET"]}}],"collection":[{"href":"https:\/\/www.labarcarolle.ch\/en\/wp-json\/wp\/v2\/pages"}],"about":[{"href":"https:\/\/www.labarcarolle.ch\/en\/wp-json\/wp\/v2\/types\/page"}],"author":[{"embeddable":true,"href":"https:\/\/www.labarcarolle.ch\/en\/wp-json\/wp\/v2\/users\/1"}],"replies":[{"embeddable":true,"href":"https:\/\/www.labarcarolle.ch\/en\/wp-json\/wp\/v2\/comments?post=775"}],"version-history":[{"count":11,"href":"https:\/\/www.labarcarolle.ch\/en\/wp-json\/wp\/v2\/pages\/775\/revisions"}],"predecessor-version":[{"id":9562,"href":"https:\/\/www.labarcarolle.ch\/en\/wp-json\/wp\/v2\/pages\/775\/revisions\/9562"}],"wp:attachment":[{"href":"https:\/\/www.labarcarolle.ch\/en\/wp-json\/wp\/v2\/media?parent=775"}],"curies":[{"name":"wp","href":"https:\/\/api.w.org\/{rel}","templated":true}]}}