{"id":729,"date":"2023-02-15T07:07:04","date_gmt":"2023-02-15T06:07:04","guid":{"rendered":"https:\/\/www.labarcarolle.ch\/meetings\/"},"modified":"2026-04-27T11:58:28","modified_gmt":"2026-04-27T09:58:28","slug":"seminar","status":"publish","type":"page","link":"https:\/\/www.labarcarolle.ch\/en\/seminar\/","title":{"rendered":"Meetings"},"content":{"rendered":"\n<header class=\"c-page-hero\">\n    <div class=\"parollax-y-up\">\n        <div class=\"c-page-hero__container\" style=\"background-image:url('https:\/\/www.labarcarolle.ch\/wp-content\/uploads\/2026\/01\/Salon-Prelude-scaled.jpg')\">\n            <div class=\"c-page-hero__title\">\n                                    <h1 class=\"title__page\">Meetings<\/h1>\n                                            <\/div>\n                            <div class=\"c-page-hero__cta\">\n                                        <a href=\"https:\/\/labarcarolle.backyou.app\/c\/request?1&#038;eid=5&#038;hid=17737#__step_request_0\" target=\"_blank\" class=\"btn btn-hero\">Receive an offer<\/a>\n                <\/div>\n                    <\/div>\n    <\/div>\n<\/header>\n\n\n\n<div class=\"wp-block-group\"><div class=\"wp-block-group__inner-container is-layout-constrained wp-block-group-is-layout-constrained\">\n\n<div id=\"block-block_c38fb9d4575ed50a254286c6fa74b502\" class=\"c-block-small-card\">\n        <div class=\"flex-row flex-col-xs-2 flex-col-md-4 flex-half-gap\">\n                        <div class=\"col\">\n                    <div class=\"c-block-small-card__item\">\n                        <div class=\"c-block-small-card__image\" style=\"background-image:url('https:\/\/www.labarcarolle.ch\/wp-content\/uploads\/2026\/01\/TonyKunz-08-e1768579061922.jpg')\"><\/div>\n                        <div class=\"c-block-small-card__content-container\">\n                            \n                                <div data-animation=\"fadeIn\" class=\"c-block-small-card__content\">\n                                    <a href=\"https:\/\/www.labarcarolle.ch\/wp-content\/uploads\/2026\/01\/Vos-seminaires.pdf\" target=\"_blank\">                                        <h3 class=\"title__small-card\">Infos &#038; Prices<\/h3>\n                                    \n                                        <div class=\"c-block-small-card__link\"><\/div>\n                                    <\/a>                                <\/div>\n                           \n                        <\/div>\n                    <\/div>\n                <\/div>\n                            <div class=\"col\">\n                    <div class=\"c-block-small-card__item\">\n                        <div class=\"c-block-small-card__image\" style=\"background-image:url('https:\/\/www.labarcarolle.ch\/wp-content\/uploads\/2026\/01\/Hotel-La-Barcarolle-Beach-Bar-3.jpg')\"><\/div>\n                        <div class=\"c-block-small-card__content-container\">\n                            \n                                <div data-animation=\"fadeIn\" class=\"c-block-small-card__content\">\n                                    <a href=\"https:\/\/becorpo.ch\/partenaires\/hotel-la-barcarollehttps:\/\/becorpo.ch\/partenaires\/hotel-la-barcarolle\" target=\"_blank\">                                        <h3 class=\"title__small-card\">Team<br>building<\/h3>\n                                    \n                                        <div class=\"c-block-small-card__link\"><\/div>\n                                    <\/a>                                <\/div>\n                           \n                        <\/div>\n                    <\/div>\n                <\/div>\n                            <div class=\"col\">\n                    <div class=\"c-block-small-card__item\">\n                        <div class=\"c-block-small-card__image\" style=\"background-image:url('https:\/\/www.labarcarolle.ch\/wp-content\/uploads\/2026\/01\/Hotel-La-Barcarolle_0122-scaled.jpg')\"><\/div>\n                        <div class=\"c-block-small-card__content-container\">\n                            \n                                <div data-animation=\"fadeIn\" class=\"c-block-small-card__content\">\n                                    <a href=\"https:\/\/www.labarcarolle.ch\/en\/beach-bar\/\" target=\"_blank\">                                        <h3 class=\"title__small-card\">Beach bar<\/h3>\n                                    \n                                        <div class=\"c-block-small-card__link\"><\/div>\n                                    <\/a>                                <\/div>\n                           \n                        <\/div>\n                    <\/div>\n                <\/div>\n                            <div class=\"col\">\n                    <div class=\"c-block-small-card__item\">\n                        <div class=\"c-block-small-card__image\" style=\"background-image:url('https:\/\/www.labarcarolle.ch\/wp-content\/uploads\/2026\/01\/urban-gyllstrom-MaWMfm-HCqQ-unsplash-scaled.jpg')\"><\/div>\n                        <div class=\"c-block-small-card__content-container\">\n                            \n                                <div data-animation=\"fadeIn\" class=\"c-block-small-card__content\">\n                                    <a href=\"https:\/\/www.labarcarolle.ch\/en\/restaurant\/\" target=\"_blank\">                                        <h3 class=\"title__small-card\">Restaurant<br>le 8<\/h3>\n                                    \n                                        <div class=\"c-block-small-card__link\"><\/div>\n                                    <\/a>                                <\/div>\n                           \n                        <\/div>\n                    <\/div>\n                <\/div>\n                <\/div>\n<\/div>\n<\/div><\/div>\n\n\n\n<div class=\"wp-block-group bg--gray\"><div class=\"wp-block-group__inner-container is-layout-constrained wp-block-group-is-layout-constrained\">\n<h2 class=\"wp-block-heading has-text-align-center\">Worskshop and meetings<\/h2>\n\n\n\n<p class=\"has-text-align-center container--narrower\">Get together on the shores of the lake, between Geneva and Lausanne: Bright, spacious and quiet meeting rooms Ultra-modern audio-visual equipment Unlimited Wifi Air conditioning Quick &amp; healthy business lunch Terrace &amp; park for coffee breaks Free parking \u2026 Business outings, BBQ, Beach Party, Afterwork at the Beach Bar, according to your wishes \u2026<\/p>\n\n\n\n<div class=\"wp-block-buttons is-layout-flex wp-block-buttons-is-layout-flex\">\n<div class=\"wp-block-button aligncenter is-style-ghost\"><a class=\"wp-block-button__link wp-element-button\" href=\"https:\/\/labarcarolle.backyou.app\/c\/request?1&amp;eid=5&amp;hid=17737#__step_request_0\" target=\"_blank\" rel=\"noreferrer noopener\">Receive an offer<\/a><\/div>\n<\/div>\n\n\n\n<div style=\"height:70px\" aria-hidden=\"true\" class=\"wp-block-spacer\"><\/div>\n\n\n\n<figure class=\"wp-block-gallery has-nested-images columns-4 is-cropped mb-xs--150 wp-block-gallery-1 is-layout-flex wp-block-gallery-is-layout-flex\">\n<figure class=\"wp-block-image size-large\"><img loading=\"lazy\" decoding=\"async\" width=\"1024\" height=\"683\" data-id=\"15897\" src=\"https:\/\/www.labarcarolle.ch\/wp-content\/uploads\/2026\/01\/Hotel-La-Barcarolle-Entree-1024x683.jpg\" alt=\"\" class=\"wp-image-15897\" srcset=\"https:\/\/www.labarcarolle.ch\/wp-content\/uploads\/2026\/01\/Hotel-La-Barcarolle-Entree-1024x683.jpg 1024w, https:\/\/www.labarcarolle.ch\/wp-content\/uploads\/2026\/01\/Hotel-La-Barcarolle-Entree-300x200.jpg 300w, https:\/\/www.labarcarolle.ch\/wp-content\/uploads\/2026\/01\/Hotel-La-Barcarolle-Entree-768x512.jpg 768w, https:\/\/www.labarcarolle.ch\/wp-content\/uploads\/2026\/01\/Hotel-La-Barcarolle-Entree-200x133.jpg 200w, https:\/\/www.labarcarolle.ch\/wp-content\/uploads\/2026\/01\/Hotel-La-Barcarolle-Entree-1536x1024.jpg 1536w, https:\/\/www.labarcarolle.ch\/wp-content\/uploads\/2026\/01\/Hotel-La-Barcarolle-Entree-2048x1365.jpg 2048w\" sizes=\"auto, (max-width: 1024px) 100vw, 1024px\" \/><\/figure>\n\n\n\n<figure class=\"wp-block-image size-large\"><img loading=\"lazy\" decoding=\"async\" width=\"1024\" height=\"682\" data-id=\"15948\" src=\"https:\/\/www.labarcarolle.ch\/wp-content\/uploads\/2026\/01\/Mazurka-2-1024x682.jpg\" alt=\"\" class=\"wp-image-15948\" srcset=\"https:\/\/www.labarcarolle.ch\/wp-content\/uploads\/2026\/01\/Mazurka-2-1024x682.jpg 1024w, https:\/\/www.labarcarolle.ch\/wp-content\/uploads\/2026\/01\/Mazurka-2-300x200.jpg 300w, https:\/\/www.labarcarolle.ch\/wp-content\/uploads\/2026\/01\/Mazurka-2-768x512.jpg 768w, https:\/\/www.labarcarolle.ch\/wp-content\/uploads\/2026\/01\/Mazurka-2-200x133.jpg 200w, https:\/\/www.labarcarolle.ch\/wp-content\/uploads\/2026\/01\/Mazurka-2-1536x1024.jpg 1536w, https:\/\/www.labarcarolle.ch\/wp-content\/uploads\/2026\/01\/Mazurka-2.jpg 2000w\" sizes=\"auto, (max-width: 1024px) 100vw, 1024px\" \/><\/figure>\n\n\n\n<figure class=\"wp-block-image size-large\"><img loading=\"lazy\" decoding=\"async\" width=\"1024\" height=\"1024\" data-id=\"16047\" src=\"https:\/\/www.labarcarolle.ch\/wp-content\/uploads\/2026\/01\/Plat-N\u00b02-edited-1024x1024.jpg\" alt=\"\" class=\"wp-image-16047\" srcset=\"https:\/\/www.labarcarolle.ch\/wp-content\/uploads\/2026\/01\/Plat-N\u00b02-edited-1024x1024.jpg 1024w, https:\/\/www.labarcarolle.ch\/wp-content\/uploads\/2026\/01\/Plat-N\u00b02-edited-300x300.jpg 300w, https:\/\/www.labarcarolle.ch\/wp-content\/uploads\/2026\/01\/Plat-N\u00b02-edited-150x150.jpg 150w, https:\/\/www.labarcarolle.ch\/wp-content\/uploads\/2026\/01\/Plat-N\u00b02-edited-768x768.jpg 768w, https:\/\/www.labarcarolle.ch\/wp-content\/uploads\/2026\/01\/Plat-N\u00b02-edited-200x200.jpg 200w, https:\/\/www.labarcarolle.ch\/wp-content\/uploads\/2026\/01\/Plat-N\u00b02-edited-1536x1536.jpg 1536w, https:\/\/www.labarcarolle.ch\/wp-content\/uploads\/2026\/01\/Plat-N\u00b02-edited-2048x2048.jpg 2048w, https:\/\/www.labarcarolle.ch\/wp-content\/uploads\/2026\/01\/Plat-N\u00b02-edited-275x275.jpg 275w, https:\/\/www.labarcarolle.ch\/wp-content\/uploads\/2026\/01\/Plat-N\u00b02-edited-590x590.jpg 590w\" sizes=\"auto, (max-width: 1024px) 100vw, 1024px\" \/><\/figure>\n\n\n\n<figure class=\"wp-block-image size-large\"><img loading=\"lazy\" decoding=\"async\" width=\"1024\" height=\"683\" data-id=\"15885\" src=\"https:\/\/www.labarcarolle.ch\/wp-content\/uploads\/2026\/01\/AG_03133-1024x683.jpg\" alt=\"\" class=\"wp-image-15885\" srcset=\"https:\/\/www.labarcarolle.ch\/wp-content\/uploads\/2026\/01\/AG_03133-1024x683.jpg 1024w, https:\/\/www.labarcarolle.ch\/wp-content\/uploads\/2026\/01\/AG_03133-300x200.jpg 300w, https:\/\/www.labarcarolle.ch\/wp-content\/uploads\/2026\/01\/AG_03133-768x512.jpg 768w, https:\/\/www.labarcarolle.ch\/wp-content\/uploads\/2026\/01\/AG_03133-200x133.jpg 200w, https:\/\/www.labarcarolle.ch\/wp-content\/uploads\/2026\/01\/AG_03133-1536x1024.jpg 1536w, https:\/\/www.labarcarolle.ch\/wp-content\/uploads\/2026\/01\/AG_03133-2048x1365.jpg 2048w\" sizes=\"auto, (max-width: 1024px) 100vw, 1024px\" \/><\/figure>\n\n\n\n<figure class=\"wp-block-image size-large\"><img loading=\"lazy\" decoding=\"async\" width=\"1024\" height=\"683\" data-id=\"15921\" src=\"https:\/\/www.labarcarolle.ch\/wp-content\/uploads\/2026\/01\/Salon-Prelude-1024x683.jpg\" alt=\"\" class=\"wp-image-15921\" srcset=\"https:\/\/www.labarcarolle.ch\/wp-content\/uploads\/2026\/01\/Salon-Prelude-1024x683.jpg 1024w, https:\/\/www.labarcarolle.ch\/wp-content\/uploads\/2026\/01\/Salon-Prelude-300x200.jpg 300w, https:\/\/www.labarcarolle.ch\/wp-content\/uploads\/2026\/01\/Salon-Prelude-768x512.jpg 768w, https:\/\/www.labarcarolle.ch\/wp-content\/uploads\/2026\/01\/Salon-Prelude-200x133.jpg 200w, https:\/\/www.labarcarolle.ch\/wp-content\/uploads\/2026\/01\/Salon-Prelude-1536x1024.jpg 1536w, https:\/\/www.labarcarolle.ch\/wp-content\/uploads\/2026\/01\/Salon-Prelude-2048x1365.jpg 2048w\" sizes=\"auto, (max-width: 1024px) 100vw, 1024px\" \/><\/figure>\n\n\n\n<figure class=\"wp-block-image size-large\"><img decoding=\"async\" data-id=\"15945\" src=\"https:\/\/www.labarcarolle.ch\/wp-content\/uploads\/2026\/01\/TonyKunz-08-e1768579061922.jpg\" alt=\"\" class=\"wp-image-15945\"\/><\/figure>\n\n\n\n<figure class=\"wp-block-image size-large\"><img loading=\"lazy\" decoding=\"async\" width=\"1024\" height=\"576\" data-id=\"15942\" src=\"https:\/\/www.labarcarolle.ch\/wp-content\/uploads\/2026\/01\/Salon-Prelude-Ouvert-2-1024x576.jpg\" alt=\"\" class=\"wp-image-15942\" srcset=\"https:\/\/www.labarcarolle.ch\/wp-content\/uploads\/2026\/01\/Salon-Prelude-Ouvert-2-1024x576.jpg 1024w, https:\/\/www.labarcarolle.ch\/wp-content\/uploads\/2026\/01\/Salon-Prelude-Ouvert-2-300x169.jpg 300w, https:\/\/www.labarcarolle.ch\/wp-content\/uploads\/2026\/01\/Salon-Prelude-Ouvert-2-768x432.jpg 768w, https:\/\/www.labarcarolle.ch\/wp-content\/uploads\/2026\/01\/Salon-Prelude-Ouvert-2-200x113.jpg 200w, https:\/\/www.labarcarolle.ch\/wp-content\/uploads\/2026\/01\/Salon-Prelude-Ouvert-2-1536x864.jpg 1536w, https:\/\/www.labarcarolle.ch\/wp-content\/uploads\/2026\/01\/Salon-Prelude-Ouvert-2.jpg 2000w\" sizes=\"auto, (max-width: 1024px) 100vw, 1024px\" \/><\/figure>\n\n\n\n<figure class=\"wp-block-image size-large\"><img loading=\"lazy\" decoding=\"async\" width=\"1332\" height=\"1333\" data-id=\"16064\" src=\"https:\/\/www.labarcarolle.ch\/wp-content\/uploads\/2026\/01\/Salon-Scherzo-1-edited.jpg\" alt=\"\" class=\"wp-image-16064\" srcset=\"https:\/\/www.labarcarolle.ch\/wp-content\/uploads\/2026\/01\/Salon-Scherzo-1-edited.jpg 1332w, https:\/\/www.labarcarolle.ch\/wp-content\/uploads\/2026\/01\/Salon-Scherzo-1-edited-300x300.jpg 300w, https:\/\/www.labarcarolle.ch\/wp-content\/uploads\/2026\/01\/Salon-Scherzo-1-edited-1024x1024.jpg 1024w, https:\/\/www.labarcarolle.ch\/wp-content\/uploads\/2026\/01\/Salon-Scherzo-1-edited-150x150.jpg 150w, https:\/\/www.labarcarolle.ch\/wp-content\/uploads\/2026\/01\/Salon-Scherzo-1-edited-768x769.jpg 768w, https:\/\/www.labarcarolle.ch\/wp-content\/uploads\/2026\/01\/Salon-Scherzo-1-edited-200x200.jpg 200w, https:\/\/www.labarcarolle.ch\/wp-content\/uploads\/2026\/01\/Salon-Scherzo-1-edited-275x275.jpg 275w, https:\/\/www.labarcarolle.ch\/wp-content\/uploads\/2026\/01\/Salon-Scherzo-1-edited-590x590.jpg 590w\" sizes=\"auto, (max-width: 1332px) 100vw, 1332px\" \/><\/figure>\n<\/figure>\n<\/div><\/div>\n\n\n\n<div class=\"wp-block-group\"><div class=\"wp-block-group__inner-container is-layout-constrained wp-block-group-is-layout-constrained\">\n<h2 class=\"wp-block-heading has-text-align-center pt-xs-150\">Capacity<\/h2>\n\n\n\n<div class=\"wp-block-columns is-style-figures is-layout-flex wp-container-core-columns-is-layout-9d6595d7 wp-block-columns-is-layout-flex\">\n<div class=\"wp-block-column is-layout-flow wp-block-column-is-layout-flow\" style=\"flex-basis:25%\">\n<h3 class=\"wp-block-heading has-text-align-center\">380<\/h3>\n\n\n\n<p class=\"has-text-align-center\">sqm of reception space facing the lake<\/p>\n<\/div>\n\n\n\n<div class=\"wp-block-column is-layout-flow wp-block-column-is-layout-flow\" style=\"flex-basis:25%\">\n<h3 class=\"wp-block-heading has-text-align-center\">200<\/h3>\n\n\n\n<p class=\"has-text-align-center\">persons for <br>a presentation<\/p>\n<\/div>\n\n\n\n<div class=\"wp-block-column is-layout-flow wp-block-column-is-layout-flow\" style=\"flex-basis:25%\">\n<h3 class=\"wp-block-heading has-text-align-center\">70<\/h3>\n\n\n\n<p class=\"has-text-align-center\">persons classroom style<\/p>\n<\/div>\n\n\n\n<div class=\"wp-block-column is-layout-flow wp-block-column-is-layout-flow\" style=\"flex-basis:25%\">\n<h3 class=\"wp-block-heading has-text-align-center\">50<\/h3>\n\n\n\n<p class=\"has-text-align-center\">persons U-shape<\/p>\n<\/div>\n<\/div>\n<\/div><\/div>\n\n\n\n\n<section id=\"banner-block_596e9cd1c90daea9a26e82b1adf8d070\" class=\"c-block-text-image py-md-80 py-xs-50\">\n    <div class=\"c-block-text-image__grid grid\">\n        <div class=\"c-block-text-image__text-container cell-x-sm-7-6 is-small cell-x-xs-2-12 cell-y-xs-2-1 cell-y-sm-1-2 cell-front vert-flex\">\n            <div class=\"c-block-text-image__text\">\n                <div><h2 style=\"text-align: center;\">Receive an offer<\/h2>\n<p style=\"text-align: center;\"><a class=\"btn btn-hero\" href=\"https:\/\/labarcarolle.backyou.app\/c\/request?1&amp;eid=5&amp;hid=17737#__step_request_0\" target=\"_blank\" rel=\"noopener\">Request an offer<\/a><\/p>\n<\/div>\n                            <\/div>\n        <\/div>\n        <div class=\"c-block-text-image__image parallax-up cell-x-xs-1-14 cell-x-sm-1-7 cell-y-xs-1-1 cell-y-sm-1-2\">\n            <div class=\"c-block-text-image__image-item\">\n                <img decoding=\"async\" src=\"https:\/\/www.labarcarolle.ch\/wp-content\/uploads\/2023\/02\/la-barcarolle-seminaires-offre-image-01@2x.jpg\" alt=\"\">\n            <\/div>\n            <div class=\"c-block-text-image__image-item\">\n                <img decoding=\"async\" src=\"https:\/\/www.labarcarolle.ch\/wp-content\/uploads\/2026\/01\/TonyKunz-08-e1768579061922.jpg\" alt=\"\">\n            <\/div>\n        <\/div>\n    <\/div>\n<\/section>\n","protected":false},"excerpt":{"rendered":"<p>Worskshop and meetings Get together on the shores of the lake, between Geneva and Lausanne: Bright, spacious and quiet meeting rooms Ultra-modern audio-visual equipment Unlimited Wifi Air conditioning Quick &amp; healthy business lunch Terrace &amp; park for coffee breaks Free parking \u2026 Business outings, BBQ, Beach Party, Afterwork at the Beach Bar, according to your [&hellip;]<\/p>\n","protected":false},"author":1,"featured_media":0,"parent":0,"menu_order":0,"comment_status":"closed","ping_status":"closed","template":"","meta":{"_acf_changed":false,"footnotes":""},"class_list":["post-729","page","type-page","status-publish","hentry"],"acf":[],"yoast_head":"<!-- This site is optimized with the Yoast SEO plugin v23.1 - https:\/\/yoast.com\/wordpress\/plugins\/seo\/ -->\n<title>Teambuilding event, place in Switzerland | Hotel La Barcarolle<\/title>\n<meta name=\"description\" content=\"Looking for a place for a company outing? Our hotel offers you seminar rooms and conference rooms for all your MICEs, symposiums and team building activities.\" \/>\n<meta name=\"robots\" content=\"index, follow, max-snippet:-1, max-image-preview:large, max-video-preview:-1\" \/>\n<link rel=\"canonical\" href=\"https:\/\/www.labarcarolle.ch\/en\/seminar\/\" \/>\n<meta property=\"og:locale\" content=\"en_US\" \/>\n<meta property=\"og:type\" content=\"article\" \/>\n<meta property=\"og:title\" content=\"Teambuilding event, place in Switzerland | Hotel La Barcarolle\" \/>\n<meta property=\"og:description\" content=\"Looking for a place for a company outing? Our hotel offers you seminar rooms and conference rooms for all your MICEs, symposiums and team building activities.\" \/>\n<meta property=\"og:url\" content=\"https:\/\/www.labarcarolle.ch\/en\/seminar\/\" \/>\n<meta property=\"og:site_name\" content=\"La Barcarolle Hotel\" \/>\n<meta property=\"article:modified_time\" content=\"2026-04-27T09:58:28+00:00\" \/>\n<meta property=\"og:image\" content=\"https:\/\/www.labarcarolle.ch\/wp-content\/uploads\/2026\/01\/Hotel-La-Barcarolle-Entree-1024x683.jpg\" \/>\n<meta name=\"twitter:card\" content=\"summary_large_image\" \/>\n<meta name=\"twitter:label1\" content=\"Est. reading time\" \/>\n\t<meta name=\"twitter:data1\" content=\"2 minutes\" \/>\n<script type=\"application\/ld+json\" class=\"yoast-schema-graph\">{\"@context\":\"https:\/\/schema.org\",\"@graph\":[{\"@type\":\"WebPage\",\"@id\":\"https:\/\/www.labarcarolle.ch\/en\/seminar\/\",\"url\":\"https:\/\/www.labarcarolle.ch\/en\/seminar\/\",\"name\":\"Teambuilding event, place in Switzerland | Hotel La Barcarolle\",\"isPartOf\":{\"@id\":\"https:\/\/www.labarcarolle.ch\/en\/#website\"},\"primaryImageOfPage\":{\"@id\":\"https:\/\/www.labarcarolle.ch\/en\/seminar\/#primaryimage\"},\"image\":{\"@id\":\"https:\/\/www.labarcarolle.ch\/en\/seminar\/#primaryimage\"},\"thumbnailUrl\":\"https:\/\/www.labarcarolle.ch\/wp-content\/uploads\/2026\/01\/Hotel-La-Barcarolle-Entree-1024x683.jpg\",\"datePublished\":\"2023-02-15T06:07:04+00:00\",\"dateModified\":\"2026-04-27T09:58:28+00:00\",\"description\":\"Looking for a place for a company outing? Our hotel offers you seminar rooms and conference rooms for all your MICEs, symposiums and team building activities.\",\"breadcrumb\":{\"@id\":\"https:\/\/www.labarcarolle.ch\/en\/seminar\/#breadcrumb\"},\"inLanguage\":\"en-US\",\"potentialAction\":[{\"@type\":\"ReadAction\",\"target\":[\"https:\/\/www.labarcarolle.ch\/en\/seminar\/\"]}]},{\"@type\":\"ImageObject\",\"inLanguage\":\"en-US\",\"@id\":\"https:\/\/www.labarcarolle.ch\/en\/seminar\/#primaryimage\",\"url\":\"https:\/\/www.labarcarolle.ch\/wp-content\/uploads\/2026\/01\/Hotel-La-Barcarolle-Entree-1024x683.jpg\",\"contentUrl\":\"https:\/\/www.labarcarolle.ch\/wp-content\/uploads\/2026\/01\/Hotel-La-Barcarolle-Entree-1024x683.jpg\"},{\"@type\":\"BreadcrumbList\",\"@id\":\"https:\/\/www.labarcarolle.ch\/en\/seminar\/#breadcrumb\",\"itemListElement\":[{\"@type\":\"ListItem\",\"position\":1,\"name\":\"Home\",\"item\":\"https:\/\/www.labarcarolle.ch\/en\/\"},{\"@type\":\"ListItem\",\"position\":2,\"name\":\"Meetings\"}]},{\"@type\":\"WebSite\",\"@id\":\"https:\/\/www.labarcarolle.ch\/en\/#website\",\"url\":\"https:\/\/www.labarcarolle.ch\/en\/\",\"name\":\"La Barcarolle Hotel\",\"description\":\"Un h\u00f4tel unique entre Gen\u00e8ve et Lausanne avec un acc\u00e8s direct au lac\",\"publisher\":{\"@id\":\"https:\/\/www.labarcarolle.ch\/en\/#organization\"},\"alternateName\":\"Barcarolle\",\"potentialAction\":[{\"@type\":\"SearchAction\",\"target\":{\"@type\":\"EntryPoint\",\"urlTemplate\":\"https:\/\/www.labarcarolle.ch\/en\/?s={search_term_string}\"},\"query-input\":\"required name=search_term_string\"}],\"inLanguage\":\"en-US\"},{\"@type\":\"Organization\",\"@id\":\"https:\/\/www.labarcarolle.ch\/en\/#organization\",\"name\":\"La Barcarolle Hotel\",\"url\":\"https:\/\/www.labarcarolle.ch\/en\/\",\"logo\":{\"@type\":\"ImageObject\",\"inLanguage\":\"en-US\",\"@id\":\"https:\/\/www.labarcarolle.ch\/en\/#\/schema\/logo\/image\/\",\"url\":\"https:\/\/www.labarcarolle.ch\/wp-content\/uploads\/2023\/10\/la-barcarolle-menu-logo.svg\",\"contentUrl\":\"https:\/\/www.labarcarolle.ch\/wp-content\/uploads\/2023\/10\/la-barcarolle-menu-logo.svg\",\"width\":787,\"height\":250,\"caption\":\"La Barcarolle Hotel\"},\"image\":{\"@id\":\"https:\/\/www.labarcarolle.ch\/en\/#\/schema\/logo\/image\/\"}}]}<\/script>\n<!-- \/ Yoast SEO plugin. -->","yoast_head_json":{"title":"Teambuilding event, place in Switzerland | Hotel La Barcarolle","description":"Looking for a place for a company outing? Our hotel offers you seminar rooms and conference rooms for all your MICEs, symposiums and team building activities.","robots":{"index":"index","follow":"follow","max-snippet":"max-snippet:-1","max-image-preview":"max-image-preview:large","max-video-preview":"max-video-preview:-1"},"canonical":"https:\/\/www.labarcarolle.ch\/en\/seminar\/","og_locale":"en_US","og_type":"article","og_title":"Teambuilding event, place in Switzerland | Hotel La Barcarolle","og_description":"Looking for a place for a company outing? Our hotel offers you seminar rooms and conference rooms for all your MICEs, symposiums and team building activities.","og_url":"https:\/\/www.labarcarolle.ch\/en\/seminar\/","og_site_name":"La Barcarolle Hotel","article_modified_time":"2026-04-27T09:58:28+00:00","og_image":[{"url":"https:\/\/www.labarcarolle.ch\/wp-content\/uploads\/2026\/01\/Hotel-La-Barcarolle-Entree-1024x683.jpg"}],"twitter_card":"summary_large_image","twitter_misc":{"Est. reading time":"2 minutes"},"schema":{"@context":"https:\/\/schema.org","@graph":[{"@type":"WebPage","@id":"https:\/\/www.labarcarolle.ch\/en\/seminar\/","url":"https:\/\/www.labarcarolle.ch\/en\/seminar\/","name":"Teambuilding event, place in Switzerland | Hotel La Barcarolle","isPartOf":{"@id":"https:\/\/www.labarcarolle.ch\/en\/#website"},"primaryImageOfPage":{"@id":"https:\/\/www.labarcarolle.ch\/en\/seminar\/#primaryimage"},"image":{"@id":"https:\/\/www.labarcarolle.ch\/en\/seminar\/#primaryimage"},"thumbnailUrl":"https:\/\/www.labarcarolle.ch\/wp-content\/uploads\/2026\/01\/Hotel-La-Barcarolle-Entree-1024x683.jpg","datePublished":"2023-02-15T06:07:04+00:00","dateModified":"2026-04-27T09:58:28+00:00","description":"Looking for a place for a company outing? Our hotel offers you seminar rooms and conference rooms for all your MICEs, symposiums and team building activities.","breadcrumb":{"@id":"https:\/\/www.labarcarolle.ch\/en\/seminar\/#breadcrumb"},"inLanguage":"en-US","potentialAction":[{"@type":"ReadAction","target":["https:\/\/www.labarcarolle.ch\/en\/seminar\/"]}]},{"@type":"ImageObject","inLanguage":"en-US","@id":"https:\/\/www.labarcarolle.ch\/en\/seminar\/#primaryimage","url":"https:\/\/www.labarcarolle.ch\/wp-content\/uploads\/2026\/01\/Hotel-La-Barcarolle-Entree-1024x683.jpg","contentUrl":"https:\/\/www.labarcarolle.ch\/wp-content\/uploads\/2026\/01\/Hotel-La-Barcarolle-Entree-1024x683.jpg"},{"@type":"BreadcrumbList","@id":"https:\/\/www.labarcarolle.ch\/en\/seminar\/#breadcrumb","itemListElement":[{"@type":"ListItem","position":1,"name":"Home","item":"https:\/\/www.labarcarolle.ch\/en\/"},{"@type":"ListItem","position":2,"name":"Meetings"}]},{"@type":"WebSite","@id":"https:\/\/www.labarcarolle.ch\/en\/#website","url":"https:\/\/www.labarcarolle.ch\/en\/","name":"La Barcarolle Hotel","description":"Un h\u00f4tel unique entre Gen\u00e8ve et Lausanne avec un acc\u00e8s direct au lac","publisher":{"@id":"https:\/\/www.labarcarolle.ch\/en\/#organization"},"alternateName":"Barcarolle","potentialAction":[{"@type":"SearchAction","target":{"@type":"EntryPoint","urlTemplate":"https:\/\/www.labarcarolle.ch\/en\/?s={search_term_string}"},"query-input":"required name=search_term_string"}],"inLanguage":"en-US"},{"@type":"Organization","@id":"https:\/\/www.labarcarolle.ch\/en\/#organization","name":"La Barcarolle Hotel","url":"https:\/\/www.labarcarolle.ch\/en\/","logo":{"@type":"ImageObject","inLanguage":"en-US","@id":"https:\/\/www.labarcarolle.ch\/en\/#\/schema\/logo\/image\/","url":"https:\/\/www.labarcarolle.ch\/wp-content\/uploads\/2023\/10\/la-barcarolle-menu-logo.svg","contentUrl":"https:\/\/www.labarcarolle.ch\/wp-content\/uploads\/2023\/10\/la-barcarolle-menu-logo.svg","width":787,"height":250,"caption":"La Barcarolle Hotel"},"image":{"@id":"https:\/\/www.labarcarolle.ch\/en\/#\/schema\/logo\/image\/"}}]}},"_links":{"self":[{"href":"https:\/\/www.labarcarolle.ch\/en\/wp-json\/wp\/v2\/pages\/729","targetHints":{"allow":["GET"]}}],"collection":[{"href":"https:\/\/www.labarcarolle.ch\/en\/wp-json\/wp\/v2\/pages"}],"about":[{"href":"https:\/\/www.labarcarolle.ch\/en\/wp-json\/wp\/v2\/types\/page"}],"author":[{"embeddable":true,"href":"https:\/\/www.labarcarolle.ch\/en\/wp-json\/wp\/v2\/users\/1"}],"replies":[{"embeddable":true,"href":"https:\/\/www.labarcarolle.ch\/en\/wp-json\/wp\/v2\/comments?post=729"}],"version-history":[{"count":17,"href":"https:\/\/www.labarcarolle.ch\/en\/wp-json\/wp\/v2\/pages\/729\/revisions"}],"predecessor-version":[{"id":17040,"href":"https:\/\/www.labarcarolle.ch\/en\/wp-json\/wp\/v2\/pages\/729\/revisions\/17040"}],"wp:attachment":[{"href":"https:\/\/www.labarcarolle.ch\/en\/wp-json\/wp\/v2\/media?parent=729"}],"curies":[{"name":"wp","href":"https:\/\/api.w.org\/{rel}","templated":true}]}}