{"id":777,"date":"2023-02-17T12:36:48","date_gmt":"2023-02-17T11:36:48","guid":{"rendered":"https:\/\/www.labarcarolle.ch\/kontakt\/"},"modified":"2024-07-04T11:26:42","modified_gmt":"2024-07-04T09:26:42","slug":"kontakt","status":"publish","type":"page","link":"https:\/\/www.labarcarolle.ch\/de\/kontakt\/","title":{"rendered":"Kontakt"},"content":{"rendered":"\n<header class=\"c-page-hero bg--gray\">\n    <div class=\"parollax-y-up\">\n        <div class=\"c-page-hero__container\" style=\"background-image:url('https:\/\/www.labarcarolle.ch\/wp-content\/uploads\/2023\/02\/la-barcarolle-contact-header-bandeau@2x-scaled.jpg')\">\n            <div class=\"c-page-hero__title\">\n                                    <h1 class=\"title__page\">Kontakt<\/h1>\n                                            <\/div>\n                    <\/div>\n    <\/div>\n<\/header>\n\n<div class=\"wp-block-group bg--gray\"><div class=\"wp-block-group__inner-container is-layout-constrained wp-block-group-is-layout-constrained\">\n<h2 class=\"wp-block-heading has-text-align-center\">Kontaktieren sie uns oder hinterlassen sie einen kommentar.<\/h2>\n\n\n\n<p class=\"has-text-align-center\">Ihre meinung ist uns wichtig!<\/p>\n\n\n\n<div style=\"height:100px\" aria-hidden=\"true\" class=\"wp-block-spacer\"><\/div>\n\n\n\n<div class=\"wp-block-columns is-layout-flex wp-container-core-columns-is-layout-9d6595d7 wp-block-columns-is-layout-flex\">\n<div class=\"wp-block-column is-layout-flow wp-block-column-is-layout-flow\" style=\"flex-basis:45%\">\n<h2 class=\"wp-block-heading has-text-align-center\">H\u00f4tel La Barcarolle<\/h2>\n\n\n\n<p class=\"has-text-align-center\">Route de Pormenthoux 8<br\/>1197 Prangins<\/p>\n\n\n\n<p class=\"has-text-align-center\"><a href=\"tel:0041223657878\" target=\"_blank\" rel=\"noreferrer noopener\">T. + 41 22 365 78 78<\/a><\/p>\n\n\n\n<p class=\"has-text-align-center\">F. + 41 22 365 78 00<\/p>\n\n\n\n<p class=\"has-text-align-center\"><a href=\"mailto:reservation@hotel-labarcarolle.ch\" target=\"_blank\" rel=\"noreferrer noopener\">reservation@hotel-labarcarolle.ch<\/a><\/p>\n\n\n\n<div class=\"wp-block-group py-xs-5 is-content-justification-center is-nowrap is-layout-flex wp-container-core-group-is-layout-94bc23d7 wp-block-group-is-layout-flex\">\n<figure class=\"wp-block-image size-large\"><img loading=\"lazy\" decoding=\"async\" width=\"27\" height=\"27\" src=\"https:\/\/www.labarcarolle.ch\/wp-content\/uploads\/2023\/02\/la-barcarolle-contact-picto-facebook.svg\" alt=\"\" class=\"wp-image-304\"\/><\/figure>\n\n\n\n<figure class=\"wp-block-image size-large\"><img loading=\"lazy\" decoding=\"async\" width=\"27\" height=\"27\" src=\"https:\/\/www.labarcarolle.ch\/wp-content\/uploads\/2023\/02\/la-barcarolle-contact-picto-linkedin.svg\" alt=\"\" class=\"wp-image-303\"\/><\/figure>\n<\/div>\n<\/div>\n\n\n\n<div class=\"wp-block-column is-layout-flow wp-block-column-is-layout-flow\" style=\"flex-basis:55%\">\n<div class=\"wpcf7 no-js\" id=\"wpcf7-f774-o1\" lang=\"de-DE\" dir=\"ltr\">\n<div class=\"screen-reader-response\"><p role=\"status\" aria-live=\"polite\" aria-atomic=\"true\"><\/p> <ul><\/ul><\/div>\n<form action=\"\/de\/wp-json\/wp\/v2\/pages\/777#wpcf7-f774-o1\" method=\"post\" class=\"wpcf7-form init\" aria-label=\"Kontaktformular\" novalidate=\"novalidate\" data-status=\"init\">\n<div style=\"display: none;\">\n<input type=\"hidden\" name=\"_wpcf7\" value=\"774\" \/>\n<input type=\"hidden\" name=\"_wpcf7_version\" value=\"5.9.8\" \/>\n<input type=\"hidden\" name=\"_wpcf7_locale\" value=\"de_DE\" \/>\n<input type=\"hidden\" name=\"_wpcf7_unit_tag\" value=\"wpcf7-f774-o1\" \/>\n<input type=\"hidden\" name=\"_wpcf7_container_post\" value=\"0\" \/>\n<input type=\"hidden\" name=\"_wpcf7_posted_data_hash\" value=\"\" \/>\n<input type=\"hidden\" name=\"_wpcf7_recaptcha_response\" value=\"\" \/>\n<\/div>\n<p><span class=\"wpcf7-form-control-wrap\" data-name=\"your-name\"><input size=\"40\" maxlength=\"400\" class=\"wpcf7-form-control wpcf7-text wpcf7-validates-as-required\" autocomplete=\"name\" aria-required=\"true\" aria-invalid=\"false\" placeholder=\"Vorname Nachname*\" value=\"\" type=\"text\" name=\"your-name\" \/><\/span>\n<\/p>\n<p><span class=\"wpcf7-form-control-wrap\" data-name=\"your-email\"><input size=\"40\" maxlength=\"400\" class=\"wpcf7-form-control wpcf7-email wpcf7-validates-as-required wpcf7-text wpcf7-validates-as-email\" autocomplete=\"email\" aria-required=\"true\" aria-invalid=\"false\" placeholder=\"Email*\" value=\"\" type=\"email\" name=\"your-email\" \/><\/span>\n<\/p>\n<p><span class=\"wpcf7-form-control-wrap\" data-name=\"your-message\"><textarea cols=\"40\" rows=\"10\" maxlength=\"2000\" class=\"wpcf7-form-control wpcf7-textarea\" aria-invalid=\"false\" placeholder=\"Nachricht*\" name=\"your-message\"><\/textarea><\/span>\n<\/p>\n<div class=\"acceptance\">\n\t<p><span class=\"wpcf7-form-control-wrap\" data-name=\"validation\"><span class=\"wpcf7-form-control wpcf7-acceptance optional\"><span class=\"wpcf7-list-item\"><input type=\"checkbox\" name=\"validation\" value=\"1\" aria-invalid=\"false\" \/><\/span><\/span><\/span><label>Indem ich dieses K\u00e4stchen ankreuze und auf \"Senden\" dr\u00fccke, erkl\u00e4re ich mich damit einverstanden, dass die in diesem Formular erfassten Informationen ausschlie\u00dflich im Zusammenhang mit meiner Anfrage und der ethischen und pers\u00f6nlichen Gesch\u00e4ftsbeziehung, die sich daraus ergeben kann, verwendet werden. Um Ihre Rechte zu erfahren und auszu\u00fcben, insbesondere Ihre Zustimmung zur Verwendung der mit diesem Formular erhobenen Daten zu widerrufen, lesen Sie bitte unsere Datenschutzerkl\u00e4rung.<\/label>\n\t<\/p>\n<\/div>\n<p><input class=\"wpcf7-form-control wpcf7-submit has-spinner\" type=\"submit\" value=\"Senden\" \/>\n<\/p><input type='hidden' class='wpcf7-pum' value='{\"closepopup\":false,\"closedelay\":0,\"openpopup\":false,\"openpopup_id\":0}' \/><div class=\"wpcf7-response-output\" aria-hidden=\"true\"><\/div>\n<\/form>\n<\/div>\n\n<\/div>\n<\/div>\n<\/div><\/div>\n\n\n<section id=\"banner-block_67836235b3be7cb6dc2542f2fe8c423c\" class=\"c-block-text-image py-md-80 py-xs-50\">\n    <div class=\"c-block-text-image__grid grid\">\n        <div class=\"c-block-text-image__text-container cell-x-sm-7-6 is-small cell-x-xs-2-12 cell-y-xs-2-1 cell-y-sm-1-2 cell-front vert-flex\">\n            <div class=\"c-block-text-image__text\">\n                <div><h2 style=\"text-align: center;\">Abonniere unseren Newsletter!<\/h2>\n<p style=\"text-align: center;\">M\u00f6chten Sie \u00fcber unsere Nachrichten, Neuheiten und Angebote informiert werden? Abonnieren Sie es!<\/p>\n<p>&nbsp;<\/p>\n<p style=\"text-align: center;\"><script data-xp-widget-newsletter-354 src=\"https:\/\/widgets.experience-hotel.com\/front\/widget\/widget-newsletter\/bootstrap.js?widget_id=354\"><\/script><\/p>\n<\/div>\n                            <\/div>\n        <\/div>\n        <div class=\"c-block-text-image__image parallax-up cell-x-xs-1-14 cell-x-sm-1-7 cell-y-xs-1-1 cell-y-sm-1-2\">\n            <div class=\"c-block-text-image__image-item\">\n                <img decoding=\"async\" src=\"https:\/\/www.labarcarolle.ch\/wp-content\/uploads\/2023\/02\/la-barcarolle-contact-newsletter-image-01@2x.jpg\" alt=\"\">\n            <\/div>\n            <div class=\"c-block-text-image__image-item\">\n                <img decoding=\"async\" src=\"https:\/\/www.labarcarolle.ch\/wp-content\/uploads\/2023\/02\/la-barcarolle-contact-newsletter-image-02@2x.jpg\" alt=\"\">\n            <\/div>\n        <\/div>\n    <\/div>\n<\/section>\n","protected":false},"excerpt":{"rendered":"<p>Kontaktieren sie uns oder hinterlassen sie einen kommentar. Ihre meinung ist uns wichtig! H\u00f4tel La Barcarolle Route de Pormenthoux 81197 Prangins T. + 41 22 365 78 78 F. + 41 22 365 78 00 reservation@hotel-labarcarolle.ch<\/p>\n","protected":false},"author":1,"featured_media":0,"parent":0,"menu_order":0,"comment_status":"closed","ping_status":"closed","template":"","meta":{"_acf_changed":false,"footnotes":""},"class_list":["post-777","page","type-page","status-publish","hentry"],"acf":[],"yoast_head":"<!-- This site is optimized with the Yoast SEO plugin v23.1 - https:\/\/yoast.com\/wordpress\/plugins\/seo\/ -->\n<title>Eine Frage? Kontaktieren Sie uns | 4 Stern Hotel La Barcarolle<\/title>\n<meta name=\"description\" content=\"Z\u00f6gern Sie nicht, uns f\u00fcr weitere Informationen \u00fcber Ihren Aufenthalt zu kontaktieren. Ihr Hotel La Barcarolle wird Ihnen so schnell wie m\u00f6glich antworten.\" \/>\n<meta name=\"robots\" content=\"index, follow, max-snippet:-1, max-image-preview:large, max-video-preview:-1\" \/>\n<link rel=\"canonical\" href=\"https:\/\/www.labarcarolle.ch\/de\/kontakt\/\" \/>\n<meta property=\"og:locale\" content=\"de_DE\" \/>\n<meta property=\"og:type\" content=\"article\" \/>\n<meta property=\"og:title\" content=\"Eine Frage? Kontaktieren Sie uns | 4 Stern Hotel La Barcarolle\" \/>\n<meta property=\"og:description\" content=\"Z\u00f6gern Sie nicht, uns f\u00fcr weitere Informationen \u00fcber Ihren Aufenthalt zu kontaktieren. Ihr Hotel La Barcarolle wird Ihnen so schnell wie m\u00f6glich antworten.\" \/>\n<meta property=\"og:url\" content=\"https:\/\/www.labarcarolle.ch\/de\/kontakt\/\" \/>\n<meta property=\"og:site_name\" content=\"La Barcarolle Hotel\" \/>\n<meta property=\"article:modified_time\" content=\"2024-07-04T09:26:42+00:00\" \/>\n<meta property=\"og:image\" content=\"https:\/\/www.labarcarolle.ch\/wp-content\/uploads\/2023\/02\/la-barcarolle-contact-picto-facebook.svg\" \/>\n<meta name=\"twitter:card\" content=\"summary_large_image\" \/>\n<meta name=\"twitter:label1\" content=\"Gesch\u00e4tzte Lesezeit\" \/>\n\t<meta name=\"twitter:data1\" content=\"1\u00a0Minute\" \/>\n<script type=\"application\/ld+json\" class=\"yoast-schema-graph\">{\"@context\":\"https:\/\/schema.org\",\"@graph\":[{\"@type\":\"WebPage\",\"@id\":\"https:\/\/www.labarcarolle.ch\/de\/kontakt\/\",\"url\":\"https:\/\/www.labarcarolle.ch\/de\/kontakt\/\",\"name\":\"Eine Frage? Kontaktieren Sie uns | 4 Stern Hotel La Barcarolle\",\"isPartOf\":{\"@id\":\"https:\/\/www.labarcarolle.ch\/de\/#website\"},\"primaryImageOfPage\":{\"@id\":\"https:\/\/www.labarcarolle.ch\/de\/kontakt\/#primaryimage\"},\"image\":{\"@id\":\"https:\/\/www.labarcarolle.ch\/de\/kontakt\/#primaryimage\"},\"thumbnailUrl\":\"https:\/\/www.labarcarolle.ch\/wp-content\/uploads\/2023\/02\/la-barcarolle-contact-picto-facebook.svg\",\"datePublished\":\"2023-02-17T11:36:48+00:00\",\"dateModified\":\"2024-07-04T09:26:42+00:00\",\"description\":\"Z\u00f6gern Sie nicht, uns f\u00fcr weitere Informationen \u00fcber Ihren Aufenthalt zu kontaktieren. Ihr Hotel La Barcarolle wird Ihnen so schnell wie m\u00f6glich antworten.\",\"breadcrumb\":{\"@id\":\"https:\/\/www.labarcarolle.ch\/de\/kontakt\/#breadcrumb\"},\"inLanguage\":\"de\",\"potentialAction\":[{\"@type\":\"ReadAction\",\"target\":[\"https:\/\/www.labarcarolle.ch\/de\/kontakt\/\"]}]},{\"@type\":\"ImageObject\",\"inLanguage\":\"de\",\"@id\":\"https:\/\/www.labarcarolle.ch\/de\/kontakt\/#primaryimage\",\"url\":\"https:\/\/www.labarcarolle.ch\/wp-content\/uploads\/2023\/02\/la-barcarolle-contact-picto-facebook.svg\",\"contentUrl\":\"https:\/\/www.labarcarolle.ch\/wp-content\/uploads\/2023\/02\/la-barcarolle-contact-picto-facebook.svg\"},{\"@type\":\"BreadcrumbList\",\"@id\":\"https:\/\/www.labarcarolle.ch\/de\/kontakt\/#breadcrumb\",\"itemListElement\":[{\"@type\":\"ListItem\",\"position\":1,\"name\":\"Home\",\"item\":\"https:\/\/www.labarcarolle.ch\/de\/\"},{\"@type\":\"ListItem\",\"position\":2,\"name\":\"Kontakt\"}]},{\"@type\":\"WebSite\",\"@id\":\"https:\/\/www.labarcarolle.ch\/de\/#website\",\"url\":\"https:\/\/www.labarcarolle.ch\/de\/\",\"name\":\"La Barcarolle Hotel\",\"description\":\"Un h\u00f4tel unique entre Gen\u00e8ve et Lausanne avec un acc\u00e8s direct au lac\",\"publisher\":{\"@id\":\"https:\/\/www.labarcarolle.ch\/de\/#organization\"},\"alternateName\":\"Barcarolle\",\"potentialAction\":[{\"@type\":\"SearchAction\",\"target\":{\"@type\":\"EntryPoint\",\"urlTemplate\":\"https:\/\/www.labarcarolle.ch\/de\/?s={search_term_string}\"},\"query-input\":\"required name=search_term_string\"}],\"inLanguage\":\"de\"},{\"@type\":\"Organization\",\"@id\":\"https:\/\/www.labarcarolle.ch\/de\/#organization\",\"name\":\"La Barcarolle Hotel\",\"url\":\"https:\/\/www.labarcarolle.ch\/de\/\",\"logo\":{\"@type\":\"ImageObject\",\"inLanguage\":\"de\",\"@id\":\"https:\/\/www.labarcarolle.ch\/de\/#\/schema\/logo\/image\/\",\"url\":\"https:\/\/www.labarcarolle.ch\/wp-content\/uploads\/2023\/10\/la-barcarolle-menu-logo.svg\",\"contentUrl\":\"https:\/\/www.labarcarolle.ch\/wp-content\/uploads\/2023\/10\/la-barcarolle-menu-logo.svg\",\"width\":787,\"height\":250,\"caption\":\"La Barcarolle Hotel\"},\"image\":{\"@id\":\"https:\/\/www.labarcarolle.ch\/de\/#\/schema\/logo\/image\/\"}}]}<\/script>\n<!-- \/ Yoast SEO plugin. -->","yoast_head_json":{"title":"Eine Frage? Kontaktieren Sie uns | 4 Stern Hotel La Barcarolle","description":"Z\u00f6gern Sie nicht, uns f\u00fcr weitere Informationen \u00fcber Ihren Aufenthalt zu kontaktieren. Ihr Hotel La Barcarolle wird Ihnen so schnell wie m\u00f6glich antworten.","robots":{"index":"index","follow":"follow","max-snippet":"max-snippet:-1","max-image-preview":"max-image-preview:large","max-video-preview":"max-video-preview:-1"},"canonical":"https:\/\/www.labarcarolle.ch\/de\/kontakt\/","og_locale":"de_DE","og_type":"article","og_title":"Eine Frage? Kontaktieren Sie uns | 4 Stern Hotel La Barcarolle","og_description":"Z\u00f6gern Sie nicht, uns f\u00fcr weitere Informationen \u00fcber Ihren Aufenthalt zu kontaktieren. Ihr Hotel La Barcarolle wird Ihnen so schnell wie m\u00f6glich antworten.","og_url":"https:\/\/www.labarcarolle.ch\/de\/kontakt\/","og_site_name":"La Barcarolle Hotel","article_modified_time":"2024-07-04T09:26:42+00:00","og_image":[{"url":"https:\/\/www.labarcarolle.ch\/wp-content\/uploads\/2023\/02\/la-barcarolle-contact-picto-facebook.svg"}],"twitter_card":"summary_large_image","twitter_misc":{"Gesch\u00e4tzte Lesezeit":"1\u00a0Minute"},"schema":{"@context":"https:\/\/schema.org","@graph":[{"@type":"WebPage","@id":"https:\/\/www.labarcarolle.ch\/de\/kontakt\/","url":"https:\/\/www.labarcarolle.ch\/de\/kontakt\/","name":"Eine Frage? Kontaktieren Sie uns | 4 Stern Hotel La Barcarolle","isPartOf":{"@id":"https:\/\/www.labarcarolle.ch\/de\/#website"},"primaryImageOfPage":{"@id":"https:\/\/www.labarcarolle.ch\/de\/kontakt\/#primaryimage"},"image":{"@id":"https:\/\/www.labarcarolle.ch\/de\/kontakt\/#primaryimage"},"thumbnailUrl":"https:\/\/www.labarcarolle.ch\/wp-content\/uploads\/2023\/02\/la-barcarolle-contact-picto-facebook.svg","datePublished":"2023-02-17T11:36:48+00:00","dateModified":"2024-07-04T09:26:42+00:00","description":"Z\u00f6gern Sie nicht, uns f\u00fcr weitere Informationen \u00fcber Ihren Aufenthalt zu kontaktieren. Ihr Hotel La Barcarolle wird Ihnen so schnell wie m\u00f6glich antworten.","breadcrumb":{"@id":"https:\/\/www.labarcarolle.ch\/de\/kontakt\/#breadcrumb"},"inLanguage":"de","potentialAction":[{"@type":"ReadAction","target":["https:\/\/www.labarcarolle.ch\/de\/kontakt\/"]}]},{"@type":"ImageObject","inLanguage":"de","@id":"https:\/\/www.labarcarolle.ch\/de\/kontakt\/#primaryimage","url":"https:\/\/www.labarcarolle.ch\/wp-content\/uploads\/2023\/02\/la-barcarolle-contact-picto-facebook.svg","contentUrl":"https:\/\/www.labarcarolle.ch\/wp-content\/uploads\/2023\/02\/la-barcarolle-contact-picto-facebook.svg"},{"@type":"BreadcrumbList","@id":"https:\/\/www.labarcarolle.ch\/de\/kontakt\/#breadcrumb","itemListElement":[{"@type":"ListItem","position":1,"name":"Home","item":"https:\/\/www.labarcarolle.ch\/de\/"},{"@type":"ListItem","position":2,"name":"Kontakt"}]},{"@type":"WebSite","@id":"https:\/\/www.labarcarolle.ch\/de\/#website","url":"https:\/\/www.labarcarolle.ch\/de\/","name":"La Barcarolle Hotel","description":"Un h\u00f4tel unique entre Gen\u00e8ve et Lausanne avec un acc\u00e8s direct au lac","publisher":{"@id":"https:\/\/www.labarcarolle.ch\/de\/#organization"},"alternateName":"Barcarolle","potentialAction":[{"@type":"SearchAction","target":{"@type":"EntryPoint","urlTemplate":"https:\/\/www.labarcarolle.ch\/de\/?s={search_term_string}"},"query-input":"required name=search_term_string"}],"inLanguage":"de"},{"@type":"Organization","@id":"https:\/\/www.labarcarolle.ch\/de\/#organization","name":"La Barcarolle Hotel","url":"https:\/\/www.labarcarolle.ch\/de\/","logo":{"@type":"ImageObject","inLanguage":"de","@id":"https:\/\/www.labarcarolle.ch\/de\/#\/schema\/logo\/image\/","url":"https:\/\/www.labarcarolle.ch\/wp-content\/uploads\/2023\/10\/la-barcarolle-menu-logo.svg","contentUrl":"https:\/\/www.labarcarolle.ch\/wp-content\/uploads\/2023\/10\/la-barcarolle-menu-logo.svg","width":787,"height":250,"caption":"La Barcarolle Hotel"},"image":{"@id":"https:\/\/www.labarcarolle.ch\/de\/#\/schema\/logo\/image\/"}}]}},"_links":{"self":[{"href":"https:\/\/www.labarcarolle.ch\/de\/wp-json\/wp\/v2\/pages\/777","targetHints":{"allow":["GET"]}}],"collection":[{"href":"https:\/\/www.labarcarolle.ch\/de\/wp-json\/wp\/v2\/pages"}],"about":[{"href":"https:\/\/www.labarcarolle.ch\/de\/wp-json\/wp\/v2\/types\/page"}],"author":[{"embeddable":true,"href":"https:\/\/www.labarcarolle.ch\/de\/wp-json\/wp\/v2\/users\/1"}],"replies":[{"embeddable":true,"href":"https:\/\/www.labarcarolle.ch\/de\/wp-json\/wp\/v2\/comments?post=777"}],"version-history":[{"count":11,"href":"https:\/\/www.labarcarolle.ch\/de\/wp-json\/wp\/v2\/pages\/777\/revisions"}],"predecessor-version":[{"id":9563,"href":"https:\/\/www.labarcarolle.ch\/de\/wp-json\/wp\/v2\/pages\/777\/revisions\/9563"}],"wp:attachment":[{"href":"https:\/\/www.labarcarolle.ch\/de\/wp-json\/wp\/v2\/media?parent=777"}],"curies":[{"name":"wp","href":"https:\/\/api.w.org\/{rel}","templated":true}]}}