{"id":742,"date":"2023-02-17T11:24:14","date_gmt":"2023-02-17T10:24:14","guid":{"rendered":"https:\/\/www.labarcarolle.ch\/zimmer\/"},"modified":"2023-12-06T17:16:53","modified_gmt":"2023-12-06T16:16:53","slug":"zimmer","status":"publish","type":"page","link":"https:\/\/www.labarcarolle.ch\/de\/zimmer\/","title":{"rendered":"Zimmer"},"content":{"rendered":"\n<header class=\"c-page-hero\">\n    <div class=\"parollax-y-up\">\n        <div class=\"c-page-hero__container\" style=\"background-image:url('https:\/\/www.labarcarolle.ch\/wp-content\/uploads\/2023\/02\/la-barcarolle-header-bandeau@2x-scaled.jpg')\">\n            <div class=\"c-page-hero__title\">\n                                    <h1 class=\"title__page\">Unsere Zimmer<\/h1>\n                                            <\/div>\n                    <\/div>\n    <\/div>\n<\/header>\n\n\n\n<div class=\"wp-block-group\"><div class=\"wp-block-group__inner-container is-layout-constrained wp-block-group-is-layout-constrained\">\n<div class=\"wbe-quickstarter-container\" data-redirect=\"https:\/\/www.labarcarolle.ch\/de\/buchung\"><\/div>\n\n\n\n<div style=\"height:80px\" aria-hidden=\"true\" class=\"wp-block-spacer\"><\/div>\n\n\n\n<h2 class=\"wp-block-heading has-text-align-center container--narrower title__picto\">Schlafen Sie in absoluter Ruhe!<\/h2>\n<\/div><\/div>\n\n\n\n\n<div id=\"block-block_fa981b00088b047419c2e27a1b363595\" class=\"c-block-big-card\">\n    <div class=\"flex-row flex-col-sm-2 flex-no-gap\">\n                        <div class=\"col\">\n                    <div class=\"c-block-big-card__item\">\n                    <div class=\"c-block-big-card__image\" style=\"background-image:url('https:\/\/www.labarcarolle.ch\/wp-content\/uploads\/2023\/02\/la-barcarolle-image-chambre-standard@2x.jpg')\"><\/div>\n                    <div  class=\"c-block-big-card__content-container \">\n                        <a href=\"https:\/\/www.labarcarolle.ch\/de\/unsere-zimmer\/standardzimmer\/\" target=\"\">\n                            <div data-animation=\"fadeIn\"  class=\"c-block-big-card__content is-animated\">\n                                <h3 class=\"title__big-card\">Standard-zimmer<\/h3>\n                                <p>Unsere Standard-Zimmer verf\u00fcgen \u00fcber 26m2 und sind s\u00fcdlich orientiert mit Seesicht.<\/p>\n                            <\/div>\n                        <\/a>\n                    <\/div>\n                    <div data-animation=\"fadeIn\" class=\"c-block-big-card__link is-animated is-style-ghost\">\n                        <a href=\"https:\/\/www.labarcarolle.ch\/de\/unsere-zimmer\/standardzimmer\/\" target=\"\">Entdecken<\/a>                    <\/div>\n                    <\/div>\n                <\/div>\n                \n                            <div class=\"col\">\n                    <div class=\"c-block-big-card__item\">\n                    <div class=\"c-block-big-card__image\" style=\"background-image:url('https:\/\/www.labarcarolle.ch\/wp-content\/uploads\/2023\/02\/la-barcarolle-image-chambre-sup-rieure@2x.jpg')\"><\/div>\n                    <div  class=\"c-block-big-card__content-container \">\n                        <a href=\"https:\/\/www.labarcarolle.ch\/de\/unsere-zimmer\/superiorzimmer\/\" target=\"\">\n                            <div data-animation=\"fadeIn\"  class=\"c-block-big-card__content is-animated\">\n                                <h3 class=\"title__big-card\">Superior-zimmer<\/h3>\n                                <p>Grosses und gem\u00fctliches Doppelzimmer im obersten Stock des Hotels, beste Seesicht garantiert.<\/p>\n                            <\/div>\n                        <\/a>\n                    <\/div>\n                    <div data-animation=\"fadeIn\" class=\"c-block-big-card__link is-animated is-style-ghost\">\n                        <a href=\"https:\/\/www.labarcarolle.ch\/de\/unsere-zimmer\/superiorzimmer\/\" target=\"\">Entdecken<\/a>                    <\/div>\n                    <\/div>\n                <\/div>\n                \n                            <div class=\"col\">\n                    <div class=\"c-block-big-card__item\">\n                    <div class=\"c-block-big-card__image\" style=\"background-image:url('https:\/\/www.labarcarolle.ch\/wp-content\/uploads\/2023\/02\/la-barcarolle-image-chambre-jardin@2x.jpg')\"><\/div>\n                    <div  class=\"c-block-big-card__content-container \">\n                        <a href=\"https:\/\/www.labarcarolle.ch\/de\/unsere-zimmer\/zimmer-mit-garten\/\" target=\"\">\n                            <div data-animation=\"fadeIn\"  class=\"c-block-big-card__content is-animated\">\n                                <h3 class=\"title__big-card\">Zimmer mit Terrasse<\/h3>\n                                <p>Perfekt f\u00fcr Urlauber! Grossz\u00fcgiges Doppelzimmer im Erdgeschoss mit privater Terrasse und Sonnenliege. Kleiner Garten mit direktem Zugang zum Park und zum Seeufer.<\/p>\n                            <\/div>\n                        <\/a>\n                    <\/div>\n                    <div data-animation=\"fadeIn\" class=\"c-block-big-card__link is-animated is-style-ghost\">\n                        <a href=\"https:\/\/www.labarcarolle.ch\/de\/unsere-zimmer\/zimmer-mit-garten\/\" target=\"\">Entdecken<\/a>                    <\/div>\n                    <\/div>\n                <\/div>\n                \n                            <div class=\"col\">\n                    <div class=\"c-block-big-card__item\">\n                    <div class=\"c-block-big-card__image\" style=\"background-image:url('https:\/\/www.labarcarolle.ch\/wp-content\/uploads\/2023\/02\/la-barcarolle-image-suites@2x.jpg')\"><\/div>\n                    <div  class=\"c-block-big-card__content-container \">\n                        <a href=\"https:\/\/www.labarcarolle.ch\/de\/unsere-zimmer\/suite\/\" target=\"\">\n                            <div data-animation=\"fadeIn\"  class=\"c-block-big-card__content is-animated\">\n                                <h3 class=\"title__big-card\">Suite<\/h3>\n                                <p>Fantastische und helle Suite von 70m2 mit zwei Balkonen oder einer grossen Terrasse mit traumhafter Sicht auf den See und die Alpen.<\/p>\n                            <\/div>\n                        <\/a>\n                    <\/div>\n                    <div data-animation=\"fadeIn\" class=\"c-block-big-card__link is-animated is-style-ghost\">\n                        <a href=\"https:\/\/www.labarcarolle.ch\/de\/unsere-zimmer\/suite\/\" target=\"\">Entdecken<\/a>                    <\/div>\n                    <\/div>\n                <\/div>\n                \n                            <div class=\"col\">\n                    <div class=\"c-block-big-card__item\">\n                    <div class=\"c-block-big-card__image\" style=\"background-image:url('https:\/\/www.labarcarolle.ch\/wp-content\/uploads\/2023\/03\/la-barcarolle-image-chambre-familiale@2x.jpg')\"><\/div>\n                    <div  class=\"c-block-big-card__content-container \">\n                        <a href=\"https:\/\/www.labarcarolle.ch\/de\/unsere-zimmer\/familienzimmer\/\" target=\"\">\n                            <div data-animation=\"fadeIn\"  class=\"c-block-big-card__content is-animated\">\n                                <h3 class=\"title__big-card\">Familien-Zimmer<\/h3>\n                                <p>Bestehend aus einem Eltern- und einem Kinderzimmer. Zwei B\u00e4der mit Badewanne und separater Dusche und zwei Balkonen oder zwei Terrassen, beide mit Seesicht.<\/p>\n                            <\/div>\n                        <\/a>\n                    <\/div>\n                    <div data-animation=\"fadeIn\" class=\"c-block-big-card__link is-animated is-style-ghost\">\n                        <a href=\"https:\/\/www.labarcarolle.ch\/de\/unsere-zimmer\/familienzimmer\/\" target=\"\">Entdecken<\/a>                    <\/div>\n                    <\/div>\n                <\/div>\n                \n                            <div class=\"col\">\n                    <div class=\"c-block-big-card__item\">\n                    <div class=\"c-block-big-card__image\" style=\"background-image:url('https:\/\/www.labarcarolle.ch\/wp-content\/uploads\/2023\/02\/la-barcarolle-image-offres@2x.jpg')\"><\/div>\n                    <div  class=\"c-block-big-card__content-container \">\n                        <a href=\"https:\/\/www.labarcarolle.ch\/de\/offres\/\" target=\"\">\n                            <div data-animation=\"fadeIn\"  class=\"c-block-big-card__content is-animated\">\n                                <h3 class=\"title__big-card\">Spezial-Angebote<\/h3>\n                                <p>Entdecken Sie alle Aktivit\u00e4ten, die wir Ihnen anbieten, um einen unvergesslichen Aufenthalt zu verbringen.<\/p>\n                            <\/div>\n                        <\/a>\n                    <\/div>\n                    <div data-animation=\"fadeIn\" class=\"c-block-big-card__link is-animated is-style-ghost\">\n                        <a href=\"https:\/\/www.labarcarolle.ch\/de\/offres\/\" target=\"\">Entdecken<\/a>                    <\/div>\n                    <\/div>\n                <\/div>\n                \n                <\/div>\n<\/div>\n","protected":false},"excerpt":{"rendered":"<p>Schlafen Sie in absoluter Ruhe!<\/p>\n","protected":false},"author":1,"featured_media":0,"parent":0,"menu_order":0,"comment_status":"closed","ping_status":"closed","template":"","meta":{"_acf_changed":false,"footnotes":""},"class_list":["post-742","page","type-page","status-publish","hentry"],"acf":[],"yoast_head":"<!-- This site is optimized with the Yoast SEO plugin v23.1 - https:\/\/yoast.com\/wordpress\/plugins\/seo\/ -->\n<title>Unsere zimmer, hotel mit charme schweiz | Hotel La Barcarolle<\/title>\n<meta name=\"description\" content=\"Sie suchen ein Hotel in der franz\u00f6sischsprachigen Schweiz? Entdecken Sie das gesamte Zimmerangebot Ihres 4-Sterne-Hotels La Barcarolle in Prangins bei Nyon.\" \/>\n<meta name=\"robots\" content=\"index, follow, max-snippet:-1, max-image-preview:large, max-video-preview:-1\" \/>\n<link rel=\"canonical\" href=\"https:\/\/www.labarcarolle.ch\/de\/zimmer\/\" \/>\n<meta property=\"og:locale\" content=\"de_DE\" \/>\n<meta property=\"og:type\" content=\"article\" \/>\n<meta property=\"og:title\" content=\"Unsere zimmer, hotel mit charme schweiz | Hotel La Barcarolle\" \/>\n<meta property=\"og:description\" content=\"Sie suchen ein Hotel in der franz\u00f6sischsprachigen Schweiz? Entdecken Sie das gesamte Zimmerangebot Ihres 4-Sterne-Hotels La Barcarolle in Prangins bei Nyon.\" \/>\n<meta property=\"og:url\" content=\"https:\/\/www.labarcarolle.ch\/de\/zimmer\/\" \/>\n<meta property=\"og:site_name\" content=\"La Barcarolle Hotel\" \/>\n<meta property=\"article:modified_time\" content=\"2023-12-06T16:16:53+00:00\" \/>\n<meta property=\"og:image\" content=\"https:\/\/www.labarcarolle.ch\/wp-content\/uploads\/2024\/03\/Hotel-La-Barcarolle-Prangins-Suisse.png\" \/>\n\t<meta property=\"og:image:width\" content=\"1200\" \/>\n\t<meta property=\"og:image:height\" content=\"675\" \/>\n\t<meta property=\"og:image:type\" content=\"image\/png\" \/>\n<meta name=\"twitter:card\" content=\"summary_large_image\" \/>\n<meta name=\"twitter:label1\" content=\"Gesch\u00e4tzte Lesezeit\" \/>\n\t<meta name=\"twitter:data1\" content=\"1\u00a0Minute\" \/>\n<script type=\"application\/ld+json\" class=\"yoast-schema-graph\">{\"@context\":\"https:\/\/schema.org\",\"@graph\":[{\"@type\":\"WebPage\",\"@id\":\"https:\/\/www.labarcarolle.ch\/de\/zimmer\/\",\"url\":\"https:\/\/www.labarcarolle.ch\/de\/zimmer\/\",\"name\":\"Unsere zimmer, hotel mit charme schweiz | Hotel La Barcarolle\",\"isPartOf\":{\"@id\":\"https:\/\/www.labarcarolle.ch\/de\/#website\"},\"datePublished\":\"2023-02-17T10:24:14+00:00\",\"dateModified\":\"2023-12-06T16:16:53+00:00\",\"description\":\"Sie suchen ein Hotel in der franz\u00f6sischsprachigen Schweiz? Entdecken Sie das gesamte Zimmerangebot Ihres 4-Sterne-Hotels La Barcarolle in Prangins bei Nyon.\",\"breadcrumb\":{\"@id\":\"https:\/\/www.labarcarolle.ch\/de\/zimmer\/#breadcrumb\"},\"inLanguage\":\"de\",\"potentialAction\":[{\"@type\":\"ReadAction\",\"target\":[\"https:\/\/www.labarcarolle.ch\/de\/zimmer\/\"]}]},{\"@type\":\"BreadcrumbList\",\"@id\":\"https:\/\/www.labarcarolle.ch\/de\/zimmer\/#breadcrumb\",\"itemListElement\":[{\"@type\":\"ListItem\",\"position\":1,\"name\":\"Home\",\"item\":\"https:\/\/www.labarcarolle.ch\/de\/\"},{\"@type\":\"ListItem\",\"position\":2,\"name\":\"Zimmer\"}]},{\"@type\":\"WebSite\",\"@id\":\"https:\/\/www.labarcarolle.ch\/de\/#website\",\"url\":\"https:\/\/www.labarcarolle.ch\/de\/\",\"name\":\"La Barcarolle Hotel\",\"description\":\"Un h\u00f4tel unique entre Gen\u00e8ve et Lausanne avec un acc\u00e8s direct au lac\",\"publisher\":{\"@id\":\"https:\/\/www.labarcarolle.ch\/de\/#organization\"},\"alternateName\":\"Barcarolle\",\"potentialAction\":[{\"@type\":\"SearchAction\",\"target\":{\"@type\":\"EntryPoint\",\"urlTemplate\":\"https:\/\/www.labarcarolle.ch\/de\/?s={search_term_string}\"},\"query-input\":\"required name=search_term_string\"}],\"inLanguage\":\"de\"},{\"@type\":\"Organization\",\"@id\":\"https:\/\/www.labarcarolle.ch\/de\/#organization\",\"name\":\"La Barcarolle Hotel\",\"url\":\"https:\/\/www.labarcarolle.ch\/de\/\",\"logo\":{\"@type\":\"ImageObject\",\"inLanguage\":\"de\",\"@id\":\"https:\/\/www.labarcarolle.ch\/de\/#\/schema\/logo\/image\/\",\"url\":\"https:\/\/www.labarcarolle.ch\/wp-content\/uploads\/2023\/10\/la-barcarolle-menu-logo.svg\",\"contentUrl\":\"https:\/\/www.labarcarolle.ch\/wp-content\/uploads\/2023\/10\/la-barcarolle-menu-logo.svg\",\"width\":787,\"height\":250,\"caption\":\"La Barcarolle Hotel\"},\"image\":{\"@id\":\"https:\/\/www.labarcarolle.ch\/de\/#\/schema\/logo\/image\/\"}}]}<\/script>\n<!-- \/ Yoast SEO plugin. -->","yoast_head_json":{"title":"Unsere zimmer, hotel mit charme schweiz | Hotel La Barcarolle","description":"Sie suchen ein Hotel in der franz\u00f6sischsprachigen Schweiz? Entdecken Sie das gesamte Zimmerangebot Ihres 4-Sterne-Hotels La Barcarolle in Prangins bei Nyon.","robots":{"index":"index","follow":"follow","max-snippet":"max-snippet:-1","max-image-preview":"max-image-preview:large","max-video-preview":"max-video-preview:-1"},"canonical":"https:\/\/www.labarcarolle.ch\/de\/zimmer\/","og_locale":"de_DE","og_type":"article","og_title":"Unsere zimmer, hotel mit charme schweiz | Hotel La Barcarolle","og_description":"Sie suchen ein Hotel in der franz\u00f6sischsprachigen Schweiz? Entdecken Sie das gesamte Zimmerangebot Ihres 4-Sterne-Hotels La Barcarolle in Prangins bei Nyon.","og_url":"https:\/\/www.labarcarolle.ch\/de\/zimmer\/","og_site_name":"La Barcarolle Hotel","article_modified_time":"2023-12-06T16:16:53+00:00","og_image":[{"width":1200,"height":675,"url":"https:\/\/www.labarcarolle.ch\/wp-content\/uploads\/2024\/03\/Hotel-La-Barcarolle-Prangins-Suisse.png","type":"image\/png"}],"twitter_card":"summary_large_image","twitter_misc":{"Gesch\u00e4tzte Lesezeit":"1\u00a0Minute"},"schema":{"@context":"https:\/\/schema.org","@graph":[{"@type":"WebPage","@id":"https:\/\/www.labarcarolle.ch\/de\/zimmer\/","url":"https:\/\/www.labarcarolle.ch\/de\/zimmer\/","name":"Unsere zimmer, hotel mit charme schweiz | Hotel La Barcarolle","isPartOf":{"@id":"https:\/\/www.labarcarolle.ch\/de\/#website"},"datePublished":"2023-02-17T10:24:14+00:00","dateModified":"2023-12-06T16:16:53+00:00","description":"Sie suchen ein Hotel in der franz\u00f6sischsprachigen Schweiz? Entdecken Sie das gesamte Zimmerangebot Ihres 4-Sterne-Hotels La Barcarolle in Prangins bei Nyon.","breadcrumb":{"@id":"https:\/\/www.labarcarolle.ch\/de\/zimmer\/#breadcrumb"},"inLanguage":"de","potentialAction":[{"@type":"ReadAction","target":["https:\/\/www.labarcarolle.ch\/de\/zimmer\/"]}]},{"@type":"BreadcrumbList","@id":"https:\/\/www.labarcarolle.ch\/de\/zimmer\/#breadcrumb","itemListElement":[{"@type":"ListItem","position":1,"name":"Home","item":"https:\/\/www.labarcarolle.ch\/de\/"},{"@type":"ListItem","position":2,"name":"Zimmer"}]},{"@type":"WebSite","@id":"https:\/\/www.labarcarolle.ch\/de\/#website","url":"https:\/\/www.labarcarolle.ch\/de\/","name":"La Barcarolle Hotel","description":"Un h\u00f4tel unique entre Gen\u00e8ve et Lausanne avec un acc\u00e8s direct au lac","publisher":{"@id":"https:\/\/www.labarcarolle.ch\/de\/#organization"},"alternateName":"Barcarolle","potentialAction":[{"@type":"SearchAction","target":{"@type":"EntryPoint","urlTemplate":"https:\/\/www.labarcarolle.ch\/de\/?s={search_term_string}"},"query-input":"required name=search_term_string"}],"inLanguage":"de"},{"@type":"Organization","@id":"https:\/\/www.labarcarolle.ch\/de\/#organization","name":"La Barcarolle Hotel","url":"https:\/\/www.labarcarolle.ch\/de\/","logo":{"@type":"ImageObject","inLanguage":"de","@id":"https:\/\/www.labarcarolle.ch\/de\/#\/schema\/logo\/image\/","url":"https:\/\/www.labarcarolle.ch\/wp-content\/uploads\/2023\/10\/la-barcarolle-menu-logo.svg","contentUrl":"https:\/\/www.labarcarolle.ch\/wp-content\/uploads\/2023\/10\/la-barcarolle-menu-logo.svg","width":787,"height":250,"caption":"La Barcarolle Hotel"},"image":{"@id":"https:\/\/www.labarcarolle.ch\/de\/#\/schema\/logo\/image\/"}}]}},"_links":{"self":[{"href":"https:\/\/www.labarcarolle.ch\/de\/wp-json\/wp\/v2\/pages\/742","targetHints":{"allow":["GET"]}}],"collection":[{"href":"https:\/\/www.labarcarolle.ch\/de\/wp-json\/wp\/v2\/pages"}],"about":[{"href":"https:\/\/www.labarcarolle.ch\/de\/wp-json\/wp\/v2\/types\/page"}],"author":[{"embeddable":true,"href":"https:\/\/www.labarcarolle.ch\/de\/wp-json\/wp\/v2\/users\/1"}],"replies":[{"embeddable":true,"href":"https:\/\/www.labarcarolle.ch\/de\/wp-json\/wp\/v2\/comments?post=742"}],"version-history":[{"count":13,"href":"https:\/\/www.labarcarolle.ch\/de\/wp-json\/wp\/v2\/pages\/742\/revisions"}],"predecessor-version":[{"id":6813,"href":"https:\/\/www.labarcarolle.ch\/de\/wp-json\/wp\/v2\/pages\/742\/revisions\/6813"}],"wp:attachment":[{"href":"https:\/\/www.labarcarolle.ch\/de\/wp-json\/wp\/v2\/media?parent=742"}],"curies":[{"name":"wp","href":"https:\/\/api.w.org\/{rel}","templated":true}]}}