{"id":5180,"date":"2023-07-21T13:55:16","date_gmt":"2023-07-21T11:55:16","guid":{"rendered":"https:\/\/www.labarcarolle.ch\/legal-mentions-2\/"},"modified":"2023-12-06T16:53:31","modified_gmt":"2023-12-06T15:53:31","slug":"rechtliche-hinweise","status":"publish","type":"page","link":"https:\/\/www.labarcarolle.ch\/de\/rechtliche-hinweise\/","title":{"rendered":"Rechtliche Hinweise"},"content":{"rendered":"\n<header class=\"c-page-hero bg--gray\">\n    <div class=\"parollax-y-up\">\n        <div class=\"c-page-hero__container\" style=\"background-image:url('https:\/\/www.labarcarolle.ch\/wp-content\/uploads\/2023\/02\/la-barcarolle-contact-header-bandeau@2x-scaled.jpg')\">\n            <div class=\"c-page-hero__title\">\n                                    <h1 class=\"title__page\">Rechtliche Hinweise<\/h1>\n                                            <\/div>\n                    <\/div>\n    <\/div>\n<\/header>\n\n\n\n<div class=\"wp-block-group\"><div class=\"wp-block-group__inner-container is-layout-constrained wp-block-group-is-layout-constrained\">\n<h2 class=\"wp-block-heading\">Allgemeine Informationen<\/h2>\n\n\n\n<p>Dieses Dokument stellt die rechtlichen Hinweise dar, die die Nutzung der Website [wpsimplycookie-site-domain] (im Folgenden als &#8222;Website&#8220; bezeichnet) regeln. Bitte lesen Sie diese rechtlichen Hinweise sorgf\u00e4ltig durch, bevor Sie die Website durchsuchen oder nutzen. Indem Sie auf die Website zugreifen oder sie nutzen, erkl\u00e4ren Sie sich damit einverstanden, an diese rechtlichen Hinweise gebunden zu sein. Wenn Sie diesen Bedingungen nicht zustimmen, stellen Sie die Nutzung der Website bitte sofort ein.<\/p>\n\n\n\n<h2 class=\"wp-block-heading\">Besitzer der Seite<\/h2>\n\n\n\n<p>Die Website ist im Besitz und wird betrieben von [wpsimplycookie-company-name] (im Folgenden &#8222;der Eigent\u00fcmer&#8220; genannt). Die Kontaktdaten des Eigent\u00fcmers sind wie folgt:<\/p>\n\n\n\n<p>[wpsimplycookie-company-name]\r\n[wpsimplycookie-company-address][wpsimplycookie-company-country], [\/wpsimplycookie-company-country][wpsimplycookie-contact-phone]\r\n[\/wpsimplycookie-contact-phone][wpsimplycookie-contact-mail]\r\n[\/wpsimplycookie-contact-mail]<\/p>\n\n\n\n<h2 class=\"wp-block-heading\">Unterkunft<\/h2>\n\n\n\n<p>Die Website wird von [wpsimplycookie-host-name] (im Folgenden &#8222;Hoster&#8220; genannt) gehostet. Die Kontaktdaten des Hosters lauten wie folgt:<\/p>\n\n\n\n<p>[wpsimplycookie-host-name][wpsimplycookie-host-address]\r\n[\/wpsimplycookie-host-address][wpsimplycookie-host-phone]\r\n[\/wpsimplycookie-host-phone][wpsimplycookie-host-mail]\r\n[\/wpsimplycookie-host-mail]<\/p>\n\n\n\n<h2 class=\"wp-block-heading\">Inhalt der Seite<\/h2>\n\n\n\n<p>Alle Marken, Fotografien, Texte, Kommentare, Illustrationen, animierte oder nicht animierte Bilder, Videosequenzen, T\u00f6ne sowie alle Computeranwendungen, die f\u00fcr das Funktionieren dieser Website verwendet werden k\u00f6nnten, und ganz allgemein alle auf der Website reproduzierten oder verwendeten Elemente sind durch die geltenden Gesetze zum Schutz des geistigen Eigentums gesch\u00fctzt.<\/p>\n\n\n\n<p>Sie sind das vollst\u00e4ndige und uneingeschr\u00e4nkte Eigentum des Herausgebers oder seiner Partner. Jede Vervielf\u00e4ltigung, Pr\u00e4sentation, Nutzung oder Anpassung, in welcher Form auch immer, aller oder eines Teils dieser Elemente, einschlie\u00dflich der Computeranwendungen, ohne die vorherige schriftliche Zustimmung des Herausgebers ist strengstens untersagt. Die Tatsache, dass der Herausgeber nicht sofort nach Kenntnisnahme dieser nicht genehmigten Nutzungen ein Verfahren einleitet, bedeutet nicht, dass er diese Nutzungen akzeptiert und auf eine Strafverfolgung verzichtet.<\/p>\n\n\n\n<p>Der gesamte Inhalt dieser Website darf ohne ihre vorherige schriftliche Genehmigung nicht in irgendeiner Form oder auf irgendeinem Medium verwendet und\/oder vervielf\u00e4ltigt werden. Die Logos und Marken auf dieser Website sind gesch\u00fctzt und d\u00fcrfen nicht ohne Genehmigung vervielf\u00e4ltigt oder verwendet werden.<\/p>\n\n\n\n<p>Die Erstellung von Hypertext-Links zu dieser Website darf nur mit vorheriger schriftlicher Zustimmung des Herausgebers erfolgen, der keine Verantwortung f\u00fcr den Inhalt von Websites \u00fcbernimmt, die mit dieser Website verlinkt sind.<\/p>\n\n\n\n<h2 class=\"wp-block-heading\">Pers\u00f6nliche Daten<\/h2>\n\n\n\n<p>Sie haben das Recht, auf die Sie betreffenden Informationen zuzugreifen, sie zu berichtigen und zu l\u00f6schen. Sie k\u00f6nnen dieses Recht aus\u00fcben, indem Sie uns eine E-Mail an die folgende Adresse schicken: [wpsimplycookie-contact-mail].<\/p>\n\n\n\n<h2 class=\"wp-block-heading\">Geistiges Eigentum<\/h2>\n\n\n\n<p>Der gesamte Inhalt dieser Website ist Eigentum des Herausgebers und darf ohne seine vorherige schriftliche Genehmigung in keiner Form und auf keinem Datentr\u00e4ger verwendet und\/oder vervielf\u00e4ltigt werden. Die Logos und Marken auf dieser Website sind gesch\u00fctzt und d\u00fcrfen ohne Genehmigung nicht vervielf\u00e4ltigt oder verwendet werden.<\/p>\n\n\n\n<p>Die Erstellung von Hypertext-Links zu dieser Website darf nur mit vorheriger schriftlicher Zustimmung des Herausgebers erfolgen, der keine Verantwortung f\u00fcr den Inhalt von Websites \u00fcbernimmt, die mit dieser Website verlinkt sind.<\/p>\n\n\n\n<h2 class=\"wp-block-heading\">Cookies<\/h2>\n\n\n\n<p>Der Herausgeber beh\u00e4lt sich die M\u00f6glichkeit vor, bei der Anmeldung Cookies an den Computer des Nutzers zu senden. Diese Cookies sind Dateien, die es erm\u00f6glichen, Informationen \u00fcber die Navigation des Computers auf der Website zu speichern. Der Besucher kann sich der Speicherung von Cookies widersetzen, indem er seinen Computer entsprechend konfiguriert.<\/p>\n\n\n\n<h2 class=\"wp-block-heading\">Verantwortung<\/h2>\n\n\n\n<p>[wpsimplycookie-company-name] lehnt jede Verantwortung f\u00fcr die Nutzung der auf seiner Website verbreiteten Informationen ab. Der Inhalt der Website kann technische Ungenauigkeiten, typografische Fehler oder Auslassungen enthalten. Dieser Inhalt kann ohne Vorank\u00fcndigung ge\u00e4ndert oder aktualisiert werden. Eventuelle Hypertext-Links auf der Website, die die Nutzer auf andere Websites verweisen, bedeuten nicht, dass der Eigent\u00fcmer f\u00fcr den Inhalt der anderen Websites verantwortlich ist. [wpsimplycookie-company-name] haftet nicht f\u00fcr direkte oder indirekte Sch\u00e4den, die sich aus der Verbreitung eines Virus durch Dritte \u00fcber unsere Website ergeben und das Computersystem oder die Computerkonfiguration des Computers des Nutzers infolge der Verbindung, Nutzung, Navigation oder des Herunterladens von dieser Website infizieren k\u00f6nnen.<\/p>\n\n\n\n<p>Der Herausgeber kann nicht f\u00fcr Fehler, Pannen, Schwierigkeiten oder Betriebsunterbrechungen haftbar gemacht werden, die den Zugang zur Website oder zu einer ihrer Funktionen verhindern.<\/p>\n\n\n\n<p>Sie sind f\u00fcr die Hardware, die Sie f\u00fcr die Verbindung mit der Website verwenden, verantwortlich. Sie m\u00fcssen alle geeigneten Ma\u00dfnahmen ergreifen, um Ihr Material und Ihre eigenen Daten insbesondere vor Virenangriffen \u00fcber das Internet zu sch\u00fctzen. Dar\u00fcber hinaus sind Sie allein verantwortlich f\u00fcr die Websites und Daten, die Sie aufrufen.<\/p>\n\n\n\n<p>Der Herausgeber haftet nicht f\u00fcr rechtliche Schritte gegen Sie:<\/p>\n\n\n\n<ul class=\"wp-block-list\">\n<li>aufgrund der Nutzung der Website oder jeglicher \u00fcber das Internet zug\u00e4nglicher Dienste<\/li>\n\n\n\n<li>aufgrund der Nichteinhaltung dieser rechtlichen Hinweise durch Sie<\/li>\n<\/ul>\n\n\n\n<p>Der Herausgeber haftet nicht f\u00fcr Sch\u00e4den, die Ihnen, Dritten und\/oder Ihrer Ausr\u00fcstung durch Ihre Verbindung oder Nutzung der Website entstehen, und Sie verzichten auf jegliche Klage gegen ihn aus diesem Grund.<\/p>\n\n\n\n<p>Der Herausgeber haftet nicht f\u00fcr Sch\u00e4den, die Ihnen, Dritten und\/oder Ihrer Ausr\u00fcstung durch Ihre Verbindung oder Nutzung der Website entstehen, und Sie verzichten auf jegliche Klage gegen ihn aus diesem Grund.<\/p>\n\n\n\n<h2 class=\"wp-block-heading\">Externe Links<\/h2>\n\n\n\n<p>Die Website kann Links zu den Websites Dritter enthalten. Diese Links werden ausschlie\u00dflich zu Informationszwecken bereitgestellt. Der Eigent\u00fcmer hat keine Kontrolle \u00fcber den Inhalt dieser Websites und \u00fcbernimmt keine Verantwortung f\u00fcr deren Inhalt, Genauigkeit oder Rechtm\u00e4\u00dfigkeit. Die Aufnahme von Links zu Websites Dritter bedeutet nicht, dass diese Websites gebilligt oder mit ihnen in Verbindung gebracht werden.<\/p>\n\n\n\n<h2 class=\"wp-block-heading\">\u00c4nderungen der rechtlichen Hinweise<\/h2>\n\n\n\n<p>Der Eigent\u00fcmer beh\u00e4lt sich das Recht vor, diese rechtlichen Hinweise jederzeit und ohne Vorank\u00fcndigung zu \u00e4ndern. Die \u00c4nderungen treten mit ihrer Ver\u00f6ffentlichung auf der Website in Kraft. Es liegt in Ihrer Verantwortung, die rechtlichen Hinweise regelm\u00e4\u00dfig zu \u00fcberpr\u00fcfen, um sich \u00fcber m\u00f6gliche \u00c4nderungen auf dem Laufenden zu halten.<\/p>\n\n\n\n<h2 class=\"wp-block-heading\">Anwendbares Recht und Gerichtsbarkeit<\/h2>\n\n\n\n<p>Dieser rechtliche Hinweis unterliegt den in [wpsimplycookie-company-country] geltenden Gesetzen. Alle Streitigkeiten, die sich aus der Nutzung der Website ergeben, unterliegen der ausschlie\u00dflichen Gerichtsbarkeit der zust\u00e4ndigen Gerichte in [wpsimplycookie-company-country].<\/p>\n\n\n\n<p>Wenn Sie Fragen zu diesen rechtlichen Hinweisen haben, kontaktieren Sie uns bitte unter der folgenden E-Mail-Adresse: [wpsimplycookie-contact-mail].<\/p>\n\n\n\n<p>Zuletzt aktualisiert: [wpsimplycookie-date-last-update].<\/p>\n<\/div><\/div>\n","protected":false},"excerpt":{"rendered":"<p>Allgemeine Informationen Dieses Dokument stellt die rechtlichen Hinweise dar, die die Nutzung der Website [wpsimplycookie-site-domain] (im Folgenden als &#8222;Website&#8220; bezeichnet) regeln. Bitte lesen Sie diese rechtlichen Hinweise sorgf\u00e4ltig durch, bevor Sie die Website durchsuchen oder nutzen. Indem Sie auf die Website zugreifen oder sie nutzen, erkl\u00e4ren Sie sich damit einverstanden, an diese rechtlichen Hinweise gebunden [&hellip;]<\/p>\n","protected":false},"author":1,"featured_media":0,"parent":0,"menu_order":0,"comment_status":"closed","ping_status":"closed","template":"","meta":{"_acf_changed":false,"footnotes":""},"class_list":["post-5180","page","type-page","status-publish","hentry"],"acf":[],"yoast_head":"<!-- This site is optimized with the Yoast SEO plugin v23.1 - https:\/\/yoast.com\/wordpress\/plugins\/seo\/ -->\n<title>Rechtliche Hinweise - La Barcarolle Hotel<\/title>\n<meta name=\"description\" content=\"Siehe das Impressum von La Barcarolle Hotel\" \/>\n<meta name=\"robots\" content=\"index, follow, max-snippet:-1, max-image-preview:large, max-video-preview:-1\" \/>\n<link rel=\"canonical\" href=\"https:\/\/www.labarcarolle.ch\/de\/rechtliche-hinweise\/\" \/>\n<meta property=\"og:locale\" content=\"de_DE\" \/>\n<meta property=\"og:type\" content=\"article\" \/>\n<meta property=\"og:title\" content=\"Rechtliche Hinweise - La Barcarolle Hotel\" \/>\n<meta property=\"og:description\" content=\"Siehe das Impressum von La Barcarolle Hotel\" \/>\n<meta property=\"og:url\" content=\"https:\/\/www.labarcarolle.ch\/de\/rechtliche-hinweise\/\" \/>\n<meta property=\"og:site_name\" content=\"La Barcarolle Hotel\" \/>\n<meta property=\"article:modified_time\" content=\"2023-12-06T15:53:31+00:00\" \/>\n<meta property=\"og:image\" content=\"https:\/\/www.labarcarolle.ch\/wp-content\/uploads\/2024\/03\/Hotel-La-Barcarolle-Prangins-Suisse.png\" \/>\n\t<meta property=\"og:image:width\" content=\"1200\" \/>\n\t<meta property=\"og:image:height\" content=\"675\" \/>\n\t<meta property=\"og:image:type\" content=\"image\/png\" \/>\n<meta name=\"twitter:card\" content=\"summary_large_image\" \/>\n<meta name=\"twitter:label1\" content=\"Gesch\u00e4tzte Lesezeit\" \/>\n\t<meta name=\"twitter:data1\" content=\"5\u00a0Minuten\" \/>\n<script type=\"application\/ld+json\" class=\"yoast-schema-graph\">{\"@context\":\"https:\/\/schema.org\",\"@graph\":[{\"@type\":\"WebPage\",\"@id\":\"https:\/\/www.labarcarolle.ch\/de\/rechtliche-hinweise\/\",\"url\":\"https:\/\/www.labarcarolle.ch\/de\/rechtliche-hinweise\/\",\"name\":\"Rechtliche Hinweise - La Barcarolle Hotel\",\"isPartOf\":{\"@id\":\"https:\/\/www.labarcarolle.ch\/de\/#website\"},\"datePublished\":\"2023-07-21T11:55:16+00:00\",\"dateModified\":\"2023-12-06T15:53:31+00:00\",\"description\":\"Siehe das Impressum von La Barcarolle Hotel\",\"breadcrumb\":{\"@id\":\"https:\/\/www.labarcarolle.ch\/de\/rechtliche-hinweise\/#breadcrumb\"},\"inLanguage\":\"de\",\"potentialAction\":[{\"@type\":\"ReadAction\",\"target\":[\"https:\/\/www.labarcarolle.ch\/de\/rechtliche-hinweise\/\"]}]},{\"@type\":\"BreadcrumbList\",\"@id\":\"https:\/\/www.labarcarolle.ch\/de\/rechtliche-hinweise\/#breadcrumb\",\"itemListElement\":[{\"@type\":\"ListItem\",\"position\":1,\"name\":\"Home\",\"item\":\"https:\/\/www.labarcarolle.ch\/de\/\"},{\"@type\":\"ListItem\",\"position\":2,\"name\":\"Rechtliche Hinweise\"}]},{\"@type\":\"WebSite\",\"@id\":\"https:\/\/www.labarcarolle.ch\/de\/#website\",\"url\":\"https:\/\/www.labarcarolle.ch\/de\/\",\"name\":\"La Barcarolle Hotel\",\"description\":\"Un h\u00f4tel unique entre Gen\u00e8ve et Lausanne avec un acc\u00e8s direct au lac\",\"publisher\":{\"@id\":\"https:\/\/www.labarcarolle.ch\/de\/#organization\"},\"alternateName\":\"Barcarolle\",\"potentialAction\":[{\"@type\":\"SearchAction\",\"target\":{\"@type\":\"EntryPoint\",\"urlTemplate\":\"https:\/\/www.labarcarolle.ch\/de\/?s={search_term_string}\"},\"query-input\":\"required name=search_term_string\"}],\"inLanguage\":\"de\"},{\"@type\":\"Organization\",\"@id\":\"https:\/\/www.labarcarolle.ch\/de\/#organization\",\"name\":\"La Barcarolle Hotel\",\"url\":\"https:\/\/www.labarcarolle.ch\/de\/\",\"logo\":{\"@type\":\"ImageObject\",\"inLanguage\":\"de\",\"@id\":\"https:\/\/www.labarcarolle.ch\/de\/#\/schema\/logo\/image\/\",\"url\":\"https:\/\/www.labarcarolle.ch\/wp-content\/uploads\/2023\/10\/la-barcarolle-menu-logo.svg\",\"contentUrl\":\"https:\/\/www.labarcarolle.ch\/wp-content\/uploads\/2023\/10\/la-barcarolle-menu-logo.svg\",\"width\":787,\"height\":250,\"caption\":\"La Barcarolle Hotel\"},\"image\":{\"@id\":\"https:\/\/www.labarcarolle.ch\/de\/#\/schema\/logo\/image\/\"}}]}<\/script>\n<!-- \/ Yoast SEO plugin. -->","yoast_head_json":{"title":"Rechtliche Hinweise - La Barcarolle Hotel","description":"Siehe das Impressum von La Barcarolle Hotel","robots":{"index":"index","follow":"follow","max-snippet":"max-snippet:-1","max-image-preview":"max-image-preview:large","max-video-preview":"max-video-preview:-1"},"canonical":"https:\/\/www.labarcarolle.ch\/de\/rechtliche-hinweise\/","og_locale":"de_DE","og_type":"article","og_title":"Rechtliche Hinweise - La Barcarolle Hotel","og_description":"Siehe das Impressum von La Barcarolle Hotel","og_url":"https:\/\/www.labarcarolle.ch\/de\/rechtliche-hinweise\/","og_site_name":"La Barcarolle Hotel","article_modified_time":"2023-12-06T15:53:31+00:00","og_image":[{"width":1200,"height":675,"url":"https:\/\/www.labarcarolle.ch\/wp-content\/uploads\/2024\/03\/Hotel-La-Barcarolle-Prangins-Suisse.png","type":"image\/png"}],"twitter_card":"summary_large_image","twitter_misc":{"Gesch\u00e4tzte Lesezeit":"5\u00a0Minuten"},"schema":{"@context":"https:\/\/schema.org","@graph":[{"@type":"WebPage","@id":"https:\/\/www.labarcarolle.ch\/de\/rechtliche-hinweise\/","url":"https:\/\/www.labarcarolle.ch\/de\/rechtliche-hinweise\/","name":"Rechtliche Hinweise - La Barcarolle Hotel","isPartOf":{"@id":"https:\/\/www.labarcarolle.ch\/de\/#website"},"datePublished":"2023-07-21T11:55:16+00:00","dateModified":"2023-12-06T15:53:31+00:00","description":"Siehe das Impressum von La Barcarolle Hotel","breadcrumb":{"@id":"https:\/\/www.labarcarolle.ch\/de\/rechtliche-hinweise\/#breadcrumb"},"inLanguage":"de","potentialAction":[{"@type":"ReadAction","target":["https:\/\/www.labarcarolle.ch\/de\/rechtliche-hinweise\/"]}]},{"@type":"BreadcrumbList","@id":"https:\/\/www.labarcarolle.ch\/de\/rechtliche-hinweise\/#breadcrumb","itemListElement":[{"@type":"ListItem","position":1,"name":"Home","item":"https:\/\/www.labarcarolle.ch\/de\/"},{"@type":"ListItem","position":2,"name":"Rechtliche Hinweise"}]},{"@type":"WebSite","@id":"https:\/\/www.labarcarolle.ch\/de\/#website","url":"https:\/\/www.labarcarolle.ch\/de\/","name":"La Barcarolle Hotel","description":"Un h\u00f4tel unique entre Gen\u00e8ve et Lausanne avec un acc\u00e8s direct au lac","publisher":{"@id":"https:\/\/www.labarcarolle.ch\/de\/#organization"},"alternateName":"Barcarolle","potentialAction":[{"@type":"SearchAction","target":{"@type":"EntryPoint","urlTemplate":"https:\/\/www.labarcarolle.ch\/de\/?s={search_term_string}"},"query-input":"required name=search_term_string"}],"inLanguage":"de"},{"@type":"Organization","@id":"https:\/\/www.labarcarolle.ch\/de\/#organization","name":"La Barcarolle Hotel","url":"https:\/\/www.labarcarolle.ch\/de\/","logo":{"@type":"ImageObject","inLanguage":"de","@id":"https:\/\/www.labarcarolle.ch\/de\/#\/schema\/logo\/image\/","url":"https:\/\/www.labarcarolle.ch\/wp-content\/uploads\/2023\/10\/la-barcarolle-menu-logo.svg","contentUrl":"https:\/\/www.labarcarolle.ch\/wp-content\/uploads\/2023\/10\/la-barcarolle-menu-logo.svg","width":787,"height":250,"caption":"La Barcarolle Hotel"},"image":{"@id":"https:\/\/www.labarcarolle.ch\/de\/#\/schema\/logo\/image\/"}}]}},"_links":{"self":[{"href":"https:\/\/www.labarcarolle.ch\/de\/wp-json\/wp\/v2\/pages\/5180","targetHints":{"allow":["GET"]}}],"collection":[{"href":"https:\/\/www.labarcarolle.ch\/de\/wp-json\/wp\/v2\/pages"}],"about":[{"href":"https:\/\/www.labarcarolle.ch\/de\/wp-json\/wp\/v2\/types\/page"}],"author":[{"embeddable":true,"href":"https:\/\/www.labarcarolle.ch\/de\/wp-json\/wp\/v2\/users\/1"}],"replies":[{"embeddable":true,"href":"https:\/\/www.labarcarolle.ch\/de\/wp-json\/wp\/v2\/comments?post=5180"}],"version-history":[{"count":3,"href":"https:\/\/www.labarcarolle.ch\/de\/wp-json\/wp\/v2\/pages\/5180\/revisions"}],"predecessor-version":[{"id":5219,"href":"https:\/\/www.labarcarolle.ch\/de\/wp-json\/wp\/v2\/pages\/5180\/revisions\/5219"}],"wp:attachment":[{"href":"https:\/\/www.labarcarolle.ch\/de\/wp-json\/wp\/v2\/media?parent=5180"}],"curies":[{"name":"wp","href":"https:\/\/api.w.org\/{rel}","templated":true}]}}