{"id":5177,"date":"2023-07-21T13:55:12","date_gmt":"2023-07-21T11:55:12","guid":{"rendered":"https:\/\/www.labarcarolle.ch\/privacy-policy-3\/"},"modified":"2023-12-06T16:36:03","modified_gmt":"2023-12-06T15:36:03","slug":"datenschutzrichtlinie","status":"publish","type":"page","link":"https:\/\/www.labarcarolle.ch\/de\/datenschutzrichtlinie\/","title":{"rendered":"Datenschutzrichtlinie"},"content":{"rendered":"\n<header class=\"c-page-hero bg--gray\">\n    <div class=\"parollax-y-up\">\n        <div class=\"c-page-hero__container\" style=\"background-image:url('https:\/\/www.labarcarolle.ch\/wp-content\/uploads\/2023\/02\/la-barcarolle-contact-header-bandeau@2x-scaled.jpg')\">\n            <div class=\"c-page-hero__title\">\n                                    <h1 class=\"title__page\">Datenschutzrichtlinie<\/h1>\n                                            <\/div>\n                    <\/div>\n    <\/div>\n<\/header>\n\n\n\n<div class=\"wp-block-group\"><div class=\"wp-block-group__inner-container is-layout-constrained wp-block-group-is-layout-constrained\">\n<p>Diese Datenschutzrichtlinie wurde zuletzt am [wpsimplycookie-date-last-update] aktualisiert.<\/p>\n\n\n\n<h2 class=\"wp-block-heading\">Einf\u00fchrung<\/h2>\n\n\n\n<p>[wpsimplycookie-company-name] ist um den Schutz und die Vertraulichkeit pers\u00f6nlicher Daten bem\u00fcht und verpflichtet sich, in \u00dcbereinstimmung mit den geltenden Datenschutzbestimmungen das h\u00f6chste Ma\u00df an Schutz f\u00fcr Ihre pers\u00f6nlichen Daten zu gew\u00e4hrleisten.<\/p>\n\n\n\n<p>Diese Datenschutzrichtlinie regelt die Nutzung unserer Website und unserer Dienstleistungen. Sie erkl\u00e4rt, wie wir die personenbezogenen Daten, die Sie uns zur Verf\u00fcgung stellen, sammeln, verwenden, weitergeben und sch\u00fctzen. Sie erl\u00e4utert au\u00dferdem Ihre Datenschutzrechte und wie Sie diese Rechte aus\u00fcben k\u00f6nnen.<\/p>\n\n\n\n<h2 class=\"wp-block-heading\">Gesammelte Daten<\/h2>\n\n\n\n<p>[wpsimplycookie-company-name] achtet darauf, nur solche personenbezogenen Daten zu verarbeiten, die f\u00fcr die oben beschriebenen Zwecke unbedingt erforderlich sind. Neben den f\u00fcr die Kontaktaufnahme notwendigen Informationen (wie z. B. Ihr Vor- und Nachname, Ihre E-Mail-Adresse usw.) werden Sie nur um Informationen zu Ihren Fachkenntnissen, Kompetenzen oder beruflichen Perspektiven gebeten.<\/p>\n\n\n\n<h3 class=\"wp-block-heading\">Die Daten, die Sie uns zur Verf\u00fcgung stellen<\/h3>\n\n\n\n<p>Die Daten, die wir verarbeiten, sind zun\u00e4chst einmal die Daten, die Sie uns \u00fcber unsere Anmeldeformulare zur Verf\u00fcgung stellen. Dabei handelt es sich um Ihre Identifikationsdaten, Ihre Kontaktdaten.<\/p>\n\n\n\n<p>Sie werden bei der Erhebung der Daten durch einen Hinweis darauf aufmerksam gemacht, dass es sich bei den erhobenen Daten um Pflichtangaben handelt. Die Angabe bestimmter Daten ist nur dann obligatorisch, wenn dies f\u00fcr die Bearbeitung Ihrer Anfrage erforderlich ist, damit wir Ihre Anfrage sachgerecht beantworten k\u00f6nnen.<\/p>\n\n\n\n<p>Wenn die Pflichtangaben nicht ausgef\u00fcllt werden, k\u00f6nnen wir die von Ihnen gew\u00fcnschte Dienstleistung nicht erbringen.<\/p>\n\n\n\n<p>Wir verarbeiten auch Daten, die Sie auf unserer Website und Anwendungen hochladen (&#8222;uploaden&#8220;). Wir fragen niemals nach sogenannten sensiblen Informationen (rassische oder ethnische Informationen, politische Meinungen, religi\u00f6se oder philosophische Meinungen, Gewerkschaftszugeh\u00f6rigkeit, Gesundheit, sexuelle Orientierung). Wir raten Ihnen davon ab, solche Daten bei der Nutzung unserer Dienste anzugeben.<\/p>\n\n\n\n<h3 class=\"wp-block-heading\">Daten \u00fcber die Nutzung unserer Dienste<\/h3>\n\n\n\n<p>Wenn Sie unsere Website besuchen oder unsere Dienste nutzen, k\u00f6nnen wir auch automatisch bestimmte Informationen sammeln, darunter Ihre IP-Adresse, den von Ihnen verwendeten Browsertyp, die von Ihnen besuchten Seiten, Datum und Uhrzeit des Zugriffs und andere Statistiken.<\/p>\n\n\n\n<h2 class=\"wp-block-heading\">Verwendung der gesammelten Daten<\/h2>\n\n\n\n<p>Wir verwenden Ihre personenbezogenen Daten, um unsere Website und unsere Dienstleistungen bereitzustellen und zu verbessern, Ihre Transaktionen zu bearbeiten, Ihnen Aktualisierungen zu senden, Ihre Anfragen zu beantworten, Ihnen gezielte Werbung zu senden, die Sicherheit unserer Website zu gew\u00e4hrleisten, Gesetze einzuhalten und f\u00fcr andere legitime Gesch\u00e4ftszwecke.<\/p>\n\n\n\n<h2 class=\"wp-block-heading\">Empf\u00e4nger der gesammelten Daten<\/h2>\n\n\n\n<h3 class=\"wp-block-heading\">Teilen mit Dienstleistern<\/h3>\n\n\n\n<p>Wir k\u00f6nnen Ihre personenbezogenen Daten an unsere Drittanbieter von Dienstleistungen weitergeben, die uns bei der Bereitstellung unserer Website und unserer Dienstleistungen unterst\u00fctzen. Diesen Dienstleistern ist es nicht gestattet, Ihre Informationen f\u00fcr ihre eigenen Zwecke zu nutzen.<\/p>\n\n\n\n<h3 class=\"wp-block-heading\">Teilen f\u00fcr gesetzliche Anforderungen<\/h3>\n\n\n\n<p>Wir k\u00f6nnen Ihre personenbezogenen Daten offenlegen, wenn wir gesetzlich dazu verpflichtet sind oder wenn wir in gutem Glauben davon ausgehen, dass dies notwendig ist, um Gesetze einzuhalten, unsere Rechte oder unser Eigentum zu sch\u00fctzen oder um die Sicherheit unserer Nutzer zu sch\u00fctzen.<\/p>\n\n\n\n<h2 class=\"wp-block-heading\">Sicherheit der gesammelten Daten<\/h2>\n\n\n\n<p>[wpsimplycookie-company-name] verpflichtet sich zu einer angemessenen Sicherheitspolitik, die sich in einer logischen und materiellen Sicherheitsrichtlinie und Sicherheitsma\u00dfnahmen niederschl\u00e4gt, die speziell auf unsere Aktivit\u00e4ten zugeschnitten sind. Innerhalb unserer Infrastruktur werden verschiedene Audits durchgef\u00fchrt.<\/p>\n\n\n\n<p>Die folgenden Prinzipien bestimmen die Entwicklung von Webseiten und Anwendungen, sowohl in Bezug auf die technische Infrastruktur (redundante, sichere Unterbringung, Sicherheits- und Zugangskontrollrichtlinien) als auch in Bezug auf die Anwendungen (Entwicklung von Websites und Anwendungen):<\/p>\n\n\n\n<ul class=\"wp-block-list\">\n<li>Sichere Datenerfassung<\/li>\n\n\n\n<li>Speicherung, die die Integrit\u00e4t und Vertraulichkeit der Daten garantiert<\/li>\n\n\n\n<li>Sicherung von Entwicklungsumgebungen<\/li>\n\n\n\n<li>Sicherung des Datenzugriffs<\/li>\n\n\n\n<li>Regelm\u00e4\u00dfige Schulungen unserer technischen Teams<\/li>\n\n\n\n<li>Freiwillige Begrenzung der Auslagerung (Infrastruktur, Dienstleistungen und Entwicklung) und Eingreifen mit anonymisierten Testdatens\u00e4tzen<\/li>\n<\/ul>\n\n\n\n<h2 class=\"wp-block-heading\">Ihre Rechte<\/h2>\n\n\n\n<p>Gem\u00e4\u00df den gesetzlichen Bestimmungen haben Sie das Recht auf Zugang, Berichtigung, L\u00f6schung, Widerspruch und \u00dcbertragbarkeit aller Sie betreffenden Daten.<\/p>\n\n\n\n<p>Sie haben auch das Recht, die Verarbeitung, die Ihre personenbezogenen Daten verwendet, zu beschr\u00e4nken. Jede Person hat au\u00dferdem das Recht, nicht Gegenstand einer individuellen Entscheidung zu sein, die ausschlie\u00dflich auf einer automatisierten Verarbeitung wie Profiling beruht. Wenn Sie der Verarbeitung personenbezogener Daten zugestimmt haben, k\u00f6nnen Sie Ihre Zustimmung jederzeit widerrufen.<\/p>\n\n\n\n<p>Sie k\u00f6nnen diese Rechte aus\u00fcben, ohne dass Ihnen Kosten entstehen, abgesehen von den Kosten f\u00fcr die \u00dcbermittlung der Aufforderung, indem Sie sich an die folgenden Adressen wenden:<\/p>\n\n\n\n<ul class=\"wp-block-list\">\n<li>per Email: [wpsimplycookie-contact-mail]<\/li>\n\n\n\n<li>per Post: [wpsimplycookie-company-name], [wpsimplycookie-company-address-inline], [wpsimplycookie-company-country]<\/li>\n<\/ul>\n\n\n\n<h2 class=\"wp-block-heading\">Kontakt<\/h2>\n\n\n\n<p>F\u00fcr alle Anfragen bez\u00fcglich der Datenschutzpolitik von [wpsimplycookie-company-name] k\u00f6nnen Sie sich an die folgende Adresse wenden: [wpsimplycookie-company-name], [wpsimplycookie-company-address-inline], [wpsimplycookie-company-country].<\/p>\n\n\n\n<h2 class=\"wp-block-heading\">Richtlinien f\u00fcr den Umgang mit Cookies<\/h2>\n\n\n\n<p>Wir verwenden Cookies und \u00e4hnliche Technologien, um Informationen \u00fcber die Nutzung unserer Website zu sammeln und zu analysieren und um unseren Inhalt und unsere Werbung zu personalisieren. Sie k\u00f6nnen die Verwendung von Cookies ablehnen, indem Sie die Einstellungen Ihres Browsers \u00e4ndern.<\/p>\n\n\n\n<h3 class=\"wp-block-heading\">Was ist ein Cookie?<\/h3>\n\n\n\n<p>Ein Cookie ist eine kleine, einfache Datei, die mit den Seiten dieser Website gesendet und von Ihrem Browser auf der Festplatte Ihres Computers oder eines anderen Ger\u00e4ts gespeichert wird. Die darin gespeicherten Informationen k\u00f6nnen bei einem sp\u00e4teren Besuch an unsere Server oder die Server der betreffenden Dritten zur\u00fcckgesandt werden.<\/p>\n\n\n\n<h3 class=\"wp-block-heading\">Was ist ein Skript?<\/h3>\n\n\n\n<p>Ein Skript ist ein St\u00fcck Code, das verwendet wird, damit unsere Website korrekt und interaktiv funktioniert. Dieser Code wird auf unserem Server oder auf Ihrem Ger\u00e4t ausgef\u00fchrt.<\/p>\n\n\n\n<h3 class=\"wp-block-heading\">Was ist ein unsichtbares Tag?<\/h3>\n\n\n\n<p>Ein unsichtbares Tag (oder Web-Beacon) ist ein kleines, unsichtbares St\u00fcck Text oder Bild auf einer Website, das dazu dient, den Datenverkehr auf einer Website zu verfolgen. Zu diesem Zweck werden verschiedene Daten \u00fcber Sie mithilfe von unsichtbaren Tags gespeichert.<\/p>\n\n\n\n<h3 class=\"wp-block-heading\">Verwendete Cookies<\/h3>\n\n\n\n<p>[wpsimplycookie_list_cookies_used_by_categories]<\/p>\n\n\n\n<h3 class=\"wp-block-heading\">Zustimmung<\/h3>\n\n\n\n<p>Wenn Sie unsere Website zum ersten Mal besuchen, zeigen wir Ihnen ein Popup-Fenster mit einer Erkl\u00e4rung zu Cookies. Sobald Sie auf &#8222;Einstellungen speichern&#8220; klicken, erlauben Sie uns, die Kategorien von Cookies und Erweiterungen zu verwenden, die Sie im Popup-Fenster ausgew\u00e4hlt haben, wie in dieser Cookie-Richtlinie beschrieben. Sie k\u00f6nnen die Verwendung von Cookies \u00fcber Ihren Browser deaktivieren. Bitte beachten Sie jedoch, dass unsere Website dann m\u00f6glicherweise nicht mehr richtig funktioniert.<\/p>\n\n\n\n<p>[wpsimplycookie_list_categories_used]<\/p>\n\n\n\n<h3 class=\"wp-block-heading\">Wie verwalte ich Cookies?<\/h3>\n\n\n\n<p>Es ist m\u00f6glich, dass wir nach Ihrem ersten Besuch auf dieser Website die von uns verwendeten Cookies \u00e4ndern. Diese Cookie-Richtlinie informiert Sie \u00fcber die Herkunft der auf unserer Website platzierten Cookies, deren Zweck und wie Sie sie deaktivieren k\u00f6nnen. Wir laden Sie daher ein, sie regelm\u00e4\u00dfig zu konsultieren.<\/p>\n\n\n\n<p>Es stehen Ihnen verschiedene M\u00f6glichkeiten zur Verwaltung von Cookies zur Verf\u00fcgung. Alle von Ihnen vorgenommenen Einstellungen k\u00f6nnen Ihre Internetnutzung und Ihren Zugriff auf bestimmte Dienste, die die Verwendung von Cookies erfordern, beeinflussen. Sie k\u00f6nnen jederzeit Ihre Cookie-Pr\u00e4ferenzen \u00e4u\u00dfern und \u00e4ndern, indem Sie sie in Ihrem Webbrowser deaktivieren oder die Erstellung von Cookies ablehnen:<\/p>\n\n\n\n<h4 class=\"wp-block-heading\">Browser-Einstellungen<\/h4>\n\n\n\n<ul class=\"wp-block-list\">\n<li>F\u00fcr Chrome: https:\/\/support.google.com\/chrome\/answer\/95647?hl=de&amp;hlrm=de<\/li>\n\n\n\n<li>F\u00fcr Internet Explorer: https:\/\/windows.microsoft.com\/de-DE\/windows-vista\/Block-or-allow-Cookies<\/li>\n\n\n\n<li>F\u00fcr Edge: https:\/\/support.microsoft.com\/de-de\/microsoft-edge\/cookies-in-microsoft-edge-63947406-40ac-c3b8-57b9-2a946a29ae09<\/li>\n\n\n\n<li>F\u00fcr FireFox: https:\/\/support.mozilla.org\/de\/kb\/cookies-informations-sites-enregistrent?redirectlocale=fr<\/li>\n\n\n\n<li>F\u00fcr Safari: https:\/\/support.apple.com\/de-de\/guide\/safari\/sfri11471\/mac<\/li>\n\n\n\n<li>F\u00fcr Opera: https:\/\/help.opera.com\/de\/latest\/web-preferences\/#cookies<\/li>\n<\/ul>\n\n\n\n<h2 class=\"wp-block-heading\">Links zu anderen Websites:<\/h2>\n\n\n\n<p>Unsere Website kann Links zu anderen Websites enthalten, die wir nicht kontrollieren. Wenn Sie auf einen Link zu einer anderen Website klicken, werden Sie auf diese Website weitergeleitet. Wir empfehlen Ihnen, die Datenschutzrichtlinie jeder Website, die Sie besuchen, zu \u00fcberpr\u00fcfen.<\/p>\n\n\n\n<h2 class=\"wp-block-heading\">Aktualisierung der Datenschutzrichtlinie<\/h2>\n\n\n\n<p>Wir k\u00f6nnen unsere Datenschutzrichtlinie von Zeit zu Zeit aktualisieren. Wir werden die neue Datenschutzrichtlinie auf dieser Seite ver\u00f6ffentlichen und das &#8222;Datum des Inkrafttretens&#8220; oben in dieser Datenschutzerkl\u00e4rung aktualisieren. Wir empfehlen Ihnen, diese Datenschutzrichtlinie regelm\u00e4\u00dfig zu \u00fcberpr\u00fcfen.<\/p>\n<\/div><\/div>\n","protected":false},"excerpt":{"rendered":"<p>Diese Datenschutzrichtlinie wurde zuletzt am [wpsimplycookie-date-last-update] aktualisiert. Einf\u00fchrung [wpsimplycookie-company-name] ist um den Schutz und die Vertraulichkeit pers\u00f6nlicher Daten bem\u00fcht und verpflichtet sich, in \u00dcbereinstimmung mit den geltenden Datenschutzbestimmungen das h\u00f6chste Ma\u00df an Schutz f\u00fcr Ihre pers\u00f6nlichen Daten zu gew\u00e4hrleisten. Diese Datenschutzrichtlinie regelt die Nutzung unserer Website und unserer Dienstleistungen. Sie erkl\u00e4rt, wie wir die personenbezogenen [&hellip;]<\/p>\n","protected":false},"author":1,"featured_media":0,"parent":0,"menu_order":0,"comment_status":"closed","ping_status":"closed","template":"","meta":{"_acf_changed":false,"footnotes":""},"class_list":["post-5177","page","type-page","status-publish","hentry"],"acf":[],"yoast_head":"<!-- This site is optimized with the Yoast SEO plugin v23.1 - https:\/\/yoast.com\/wordpress\/plugins\/seo\/ -->\n<title>Datenschutzrichtlinie - La Barcarolle Hotel<\/title>\n<meta name=\"description\" content=\"Siehe die Datenschutzrichtlinie von La Barcarolle Hotel\" \/>\n<meta name=\"robots\" content=\"index, follow, max-snippet:-1, max-image-preview:large, max-video-preview:-1\" \/>\n<link rel=\"canonical\" href=\"https:\/\/www.labarcarolle.ch\/de\/datenschutzrichtlinie\/\" \/>\n<meta property=\"og:locale\" content=\"de_DE\" \/>\n<meta property=\"og:type\" content=\"article\" \/>\n<meta property=\"og:title\" content=\"Datenschutzrichtlinie - La Barcarolle Hotel\" \/>\n<meta property=\"og:description\" content=\"Siehe die Datenschutzrichtlinie von La Barcarolle Hotel\" \/>\n<meta property=\"og:url\" content=\"https:\/\/www.labarcarolle.ch\/de\/datenschutzrichtlinie\/\" \/>\n<meta property=\"og:site_name\" content=\"La Barcarolle Hotel\" \/>\n<meta property=\"article:modified_time\" content=\"2023-12-06T15:36:03+00:00\" \/>\n<meta property=\"og:image\" content=\"https:\/\/www.labarcarolle.ch\/wp-content\/uploads\/2024\/03\/Hotel-La-Barcarolle-Prangins-Suisse.png\" \/>\n\t<meta property=\"og:image:width\" content=\"1200\" \/>\n\t<meta property=\"og:image:height\" content=\"675\" \/>\n\t<meta property=\"og:image:type\" content=\"image\/png\" \/>\n<meta name=\"twitter:card\" content=\"summary_large_image\" \/>\n<meta name=\"twitter:label1\" content=\"Gesch\u00e4tzte Lesezeit\" \/>\n\t<meta name=\"twitter:data1\" content=\"6\u00a0Minuten\" \/>\n<script type=\"application\/ld+json\" class=\"yoast-schema-graph\">{\"@context\":\"https:\/\/schema.org\",\"@graph\":[{\"@type\":\"WebPage\",\"@id\":\"https:\/\/www.labarcarolle.ch\/de\/datenschutzrichtlinie\/\",\"url\":\"https:\/\/www.labarcarolle.ch\/de\/datenschutzrichtlinie\/\",\"name\":\"Datenschutzrichtlinie - La Barcarolle Hotel\",\"isPartOf\":{\"@id\":\"https:\/\/www.labarcarolle.ch\/de\/#website\"},\"datePublished\":\"2023-07-21T11:55:12+00:00\",\"dateModified\":\"2023-12-06T15:36:03+00:00\",\"description\":\"Siehe die Datenschutzrichtlinie von La Barcarolle Hotel\",\"breadcrumb\":{\"@id\":\"https:\/\/www.labarcarolle.ch\/de\/datenschutzrichtlinie\/#breadcrumb\"},\"inLanguage\":\"de\",\"potentialAction\":[{\"@type\":\"ReadAction\",\"target\":[\"https:\/\/www.labarcarolle.ch\/de\/datenschutzrichtlinie\/\"]}]},{\"@type\":\"BreadcrumbList\",\"@id\":\"https:\/\/www.labarcarolle.ch\/de\/datenschutzrichtlinie\/#breadcrumb\",\"itemListElement\":[{\"@type\":\"ListItem\",\"position\":1,\"name\":\"Home\",\"item\":\"https:\/\/www.labarcarolle.ch\/de\/\"},{\"@type\":\"ListItem\",\"position\":2,\"name\":\"Datenschutzrichtlinie\"}]},{\"@type\":\"WebSite\",\"@id\":\"https:\/\/www.labarcarolle.ch\/de\/#website\",\"url\":\"https:\/\/www.labarcarolle.ch\/de\/\",\"name\":\"La Barcarolle Hotel\",\"description\":\"Un h\u00f4tel unique entre Gen\u00e8ve et Lausanne avec un acc\u00e8s direct au lac\",\"publisher\":{\"@id\":\"https:\/\/www.labarcarolle.ch\/de\/#organization\"},\"alternateName\":\"Barcarolle\",\"potentialAction\":[{\"@type\":\"SearchAction\",\"target\":{\"@type\":\"EntryPoint\",\"urlTemplate\":\"https:\/\/www.labarcarolle.ch\/de\/?s={search_term_string}\"},\"query-input\":\"required name=search_term_string\"}],\"inLanguage\":\"de\"},{\"@type\":\"Organization\",\"@id\":\"https:\/\/www.labarcarolle.ch\/de\/#organization\",\"name\":\"La Barcarolle Hotel\",\"url\":\"https:\/\/www.labarcarolle.ch\/de\/\",\"logo\":{\"@type\":\"ImageObject\",\"inLanguage\":\"de\",\"@id\":\"https:\/\/www.labarcarolle.ch\/de\/#\/schema\/logo\/image\/\",\"url\":\"https:\/\/www.labarcarolle.ch\/wp-content\/uploads\/2023\/10\/la-barcarolle-menu-logo.svg\",\"contentUrl\":\"https:\/\/www.labarcarolle.ch\/wp-content\/uploads\/2023\/10\/la-barcarolle-menu-logo.svg\",\"width\":787,\"height\":250,\"caption\":\"La Barcarolle Hotel\"},\"image\":{\"@id\":\"https:\/\/www.labarcarolle.ch\/de\/#\/schema\/logo\/image\/\"}}]}<\/script>\n<!-- \/ Yoast SEO plugin. -->","yoast_head_json":{"title":"Datenschutzrichtlinie - La Barcarolle Hotel","description":"Siehe die Datenschutzrichtlinie von La Barcarolle Hotel","robots":{"index":"index","follow":"follow","max-snippet":"max-snippet:-1","max-image-preview":"max-image-preview:large","max-video-preview":"max-video-preview:-1"},"canonical":"https:\/\/www.labarcarolle.ch\/de\/datenschutzrichtlinie\/","og_locale":"de_DE","og_type":"article","og_title":"Datenschutzrichtlinie - La Barcarolle Hotel","og_description":"Siehe die Datenschutzrichtlinie von La Barcarolle Hotel","og_url":"https:\/\/www.labarcarolle.ch\/de\/datenschutzrichtlinie\/","og_site_name":"La Barcarolle Hotel","article_modified_time":"2023-12-06T15:36:03+00:00","og_image":[{"width":1200,"height":675,"url":"https:\/\/www.labarcarolle.ch\/wp-content\/uploads\/2024\/03\/Hotel-La-Barcarolle-Prangins-Suisse.png","type":"image\/png"}],"twitter_card":"summary_large_image","twitter_misc":{"Gesch\u00e4tzte Lesezeit":"6\u00a0Minuten"},"schema":{"@context":"https:\/\/schema.org","@graph":[{"@type":"WebPage","@id":"https:\/\/www.labarcarolle.ch\/de\/datenschutzrichtlinie\/","url":"https:\/\/www.labarcarolle.ch\/de\/datenschutzrichtlinie\/","name":"Datenschutzrichtlinie - La Barcarolle Hotel","isPartOf":{"@id":"https:\/\/www.labarcarolle.ch\/de\/#website"},"datePublished":"2023-07-21T11:55:12+00:00","dateModified":"2023-12-06T15:36:03+00:00","description":"Siehe die Datenschutzrichtlinie von La Barcarolle Hotel","breadcrumb":{"@id":"https:\/\/www.labarcarolle.ch\/de\/datenschutzrichtlinie\/#breadcrumb"},"inLanguage":"de","potentialAction":[{"@type":"ReadAction","target":["https:\/\/www.labarcarolle.ch\/de\/datenschutzrichtlinie\/"]}]},{"@type":"BreadcrumbList","@id":"https:\/\/www.labarcarolle.ch\/de\/datenschutzrichtlinie\/#breadcrumb","itemListElement":[{"@type":"ListItem","position":1,"name":"Home","item":"https:\/\/www.labarcarolle.ch\/de\/"},{"@type":"ListItem","position":2,"name":"Datenschutzrichtlinie"}]},{"@type":"WebSite","@id":"https:\/\/www.labarcarolle.ch\/de\/#website","url":"https:\/\/www.labarcarolle.ch\/de\/","name":"La Barcarolle Hotel","description":"Un h\u00f4tel unique entre Gen\u00e8ve et Lausanne avec un acc\u00e8s direct au lac","publisher":{"@id":"https:\/\/www.labarcarolle.ch\/de\/#organization"},"alternateName":"Barcarolle","potentialAction":[{"@type":"SearchAction","target":{"@type":"EntryPoint","urlTemplate":"https:\/\/www.labarcarolle.ch\/de\/?s={search_term_string}"},"query-input":"required name=search_term_string"}],"inLanguage":"de"},{"@type":"Organization","@id":"https:\/\/www.labarcarolle.ch\/de\/#organization","name":"La Barcarolle Hotel","url":"https:\/\/www.labarcarolle.ch\/de\/","logo":{"@type":"ImageObject","inLanguage":"de","@id":"https:\/\/www.labarcarolle.ch\/de\/#\/schema\/logo\/image\/","url":"https:\/\/www.labarcarolle.ch\/wp-content\/uploads\/2023\/10\/la-barcarolle-menu-logo.svg","contentUrl":"https:\/\/www.labarcarolle.ch\/wp-content\/uploads\/2023\/10\/la-barcarolle-menu-logo.svg","width":787,"height":250,"caption":"La Barcarolle Hotel"},"image":{"@id":"https:\/\/www.labarcarolle.ch\/de\/#\/schema\/logo\/image\/"}}]}},"_links":{"self":[{"href":"https:\/\/www.labarcarolle.ch\/de\/wp-json\/wp\/v2\/pages\/5177","targetHints":{"allow":["GET"]}}],"collection":[{"href":"https:\/\/www.labarcarolle.ch\/de\/wp-json\/wp\/v2\/pages"}],"about":[{"href":"https:\/\/www.labarcarolle.ch\/de\/wp-json\/wp\/v2\/types\/page"}],"author":[{"embeddable":true,"href":"https:\/\/www.labarcarolle.ch\/de\/wp-json\/wp\/v2\/users\/1"}],"replies":[{"embeddable":true,"href":"https:\/\/www.labarcarolle.ch\/de\/wp-json\/wp\/v2\/comments?post=5177"}],"version-history":[{"count":7,"href":"https:\/\/www.labarcarolle.ch\/de\/wp-json\/wp\/v2\/pages\/5177\/revisions"}],"predecessor-version":[{"id":6798,"href":"https:\/\/www.labarcarolle.ch\/de\/wp-json\/wp\/v2\/pages\/5177\/revisions\/6798"}],"wp:attachment":[{"href":"https:\/\/www.labarcarolle.ch\/de\/wp-json\/wp\/v2\/media?parent=5177"}],"curies":[{"name":"wp","href":"https:\/\/api.w.org\/{rel}","templated":true}]}}