{"id":3494,"date":"2023-05-23T10:44:39","date_gmt":"2023-05-23T08:44:39","guid":{"rendered":"https:\/\/www.labarcarolle.ch\/?page_id=3494"},"modified":"2024-07-17T13:59:24","modified_gmt":"2024-07-17T11:59:24","slug":"aktivitaeten","status":"publish","type":"page","link":"https:\/\/www.labarcarolle.ch\/de\/aktivitaeten\/","title":{"rendered":"Aktivit\u00e4ten vor Ort"},"content":{"rendered":"\n<header class=\"c-page-hero\">\n    <div class=\"parollax-y-up\">\n        <div class=\"c-page-hero__container\" style=\"background-image:url('https:\/\/www.labarcarolle.ch\/wp-content\/uploads\/2023\/05\/la-barcarolle-activites-sur-place-header-bandeau@2x-scaled.jpg')\">\n            <div class=\"c-page-hero__title\">\n                                    <h1 class=\"title__page\">Aktivit\u00e4ten vor Ort<\/h1>\n                                            <\/div>\n                    <\/div>\n    <\/div>\n<\/header>\n\n\n\n<div class=\"wp-block-group bg--gray mb-xs-100\"><div class=\"wp-block-group__inner-container is-layout-constrained wp-block-group-is-layout-constrained\">\n<h2 class=\"wp-block-heading has-text-align-center\">Ein Aufenthalt, der auf Ihre W\u00fcnsche zugeschnitten ist<\/h2>\n\n\n\n<p class=\"has-text-align-center container--narrower\"><strong>Die Domaine de La Barcarolle liegt ideal am Ufer des Genfersee und verf\u00fcgt \u00fcber einen direkten Seezugang. W\u00e4hrend Ihres Aufenthalts im Hotel k\u00f6nnen Sie sich entspannen und die Ruhe sowie den Charme der Umgebung genie\u00dfen. Wir bieten Ihnen verschiedene Aktivit\u00e4ten w\u00e4hrend der Saison oder teilweise auch das ganze Jahr \u00fcber an.<\/strong><\/p>\n\n\n\n<div style=\"height:30px\" aria-hidden=\"true\" class=\"wp-block-spacer\"><\/div>\n\n\n\n<p class=\"has-text-align-center container--narrower\">Um die Umgebung und den See zu erkunden, stellen wir Fahrr\u00e4der zur Verf\u00fcgung, die f\u00fcr Hotelg\u00e4ste kostenlos sind.<\/p>\n\n\n\n<p>50% Erm\u00e4\u00dfigung zum Eintritt von schweizerischem <a href=\"https:\/\/www.chateaudeprangins.ch\/de\">National Museum<\/a> mit Ihrem Zimmerschl\u00fcssel.  <\/p>\n\n\n\n<p class=\"has-text-align-center container--narrower\">Unser beheiztes Freibad ist an sonnigen Tagen f\u00fcr unsere Hotelg\u00e4ste ge\u00f6ffnet von Mai bis September.<\/p>\n\n\n\n<p class=\"has-text-align-center container--narrower\">F\u00fcr einen Ausflug auf dem See k\u00f6nnen Sie an unserer Beach Bar                                                        w\u00e4hrend der \u00d6ffnungszeiten zwei Paddles und ein Kajak mieten.<br>20 CHF \/ St. f\u00fcr ein Paddle und 30 CHF \/ Stunde f\u00fcr das Kajak (Entlastung muss unterschrieben werden).<\/p>\n\n\n\n<p class=\"has-text-align-center container--narrower\">Lust auf einen Ausflug auf den See ?<br>Ein <strong>Ranieri Sport 21 S, 6m40 150 PS mit Skipper, maximal 6 Personen<\/strong>, bringt Sie f\u00fcr 390 CHF All-Inclusive w\u00e4hrend der gesamten Saison zu einem 1-st\u00fcndigen Ausflug oder 620 CHF f\u00fcr 2 Stunden (Reservierung maximal 24 Stunden im Voraus, Abholung am Hafen von La Barcarolle).<\/p>\n\n\n\n<p class=\"has-text-align-center container--narrower\">Wenn Sie Wellness bevorzugen, nehmen Sie an Sonntagen am Yoga Kurse w\u00e4hred dem Sommer teil. (Reservierung an der Rezeption f\u00fcr 25 CHF).<\/p>\n\n\n\n<div class=\"wp-block-buttons is-layout-flex wp-block-buttons-is-layout-flex\">\n<div class=\"wp-block-button aligncenter is-style-ghost\"><a class=\"wp-block-button__link wp-element-button\" href=\"https:\/\/be.synxis.com\/?Chain=5375&amp;adult=2&amp;hotel=62342&amp;currency=CHF&amp;locale=fr-FR\" target=\"_blank\" rel=\"noreferrer noopener\">Aufenthalt buchen<\/a><\/div>\n<\/div>\n\n\n\n<div style=\"height:70px\" aria-hidden=\"true\" class=\"wp-block-spacer\"><\/div>\n\n\n\n<figure class=\"wp-block-gallery has-nested-images columns-4 is-cropped mb-xs--150 wp-block-gallery-1 is-layout-flex wp-block-gallery-is-layout-flex\">\n<figure class=\"wp-block-image size-full\"><img loading=\"lazy\" decoding=\"async\" width=\"1152\" height=\"2048\" data-id=\"8713\" src=\"https:\/\/www.labarcarolle.ch\/wp-content\/uploads\/2024\/05\/Hotel-La-Barcarolle-yogaduozen-ete2024.jpg\" alt=\"\" class=\"wp-image-8713\" srcset=\"https:\/\/www.labarcarolle.ch\/wp-content\/uploads\/2024\/05\/Hotel-La-Barcarolle-yogaduozen-ete2024.jpg 1152w, https:\/\/www.labarcarolle.ch\/wp-content\/uploads\/2024\/05\/Hotel-La-Barcarolle-yogaduozen-ete2024-169x300.jpg 169w, https:\/\/www.labarcarolle.ch\/wp-content\/uploads\/2024\/05\/Hotel-La-Barcarolle-yogaduozen-ete2024-576x1024.jpg 576w, https:\/\/www.labarcarolle.ch\/wp-content\/uploads\/2024\/05\/Hotel-La-Barcarolle-yogaduozen-ete2024-768x1365.jpg 768w, https:\/\/www.labarcarolle.ch\/wp-content\/uploads\/2024\/05\/Hotel-La-Barcarolle-yogaduozen-ete2024-113x200.jpg 113w, https:\/\/www.labarcarolle.ch\/wp-content\/uploads\/2024\/05\/Hotel-La-Barcarolle-yogaduozen-ete2024-864x1536.jpg 864w\" sizes=\"auto, (max-width: 1152px) 100vw, 1152px\" \/><\/figure>\n\n\n\n<figure class=\"wp-block-image size-full\"><img loading=\"lazy\" decoding=\"async\" width=\"600\" height=\"600\" data-id=\"3425\" src=\"https:\/\/www.labarcarolle.ch\/wp-content\/uploads\/2023\/05\/la-barcarolle-activites-image-02@2x.jpg\" alt=\"\" class=\"wp-image-3425\" srcset=\"https:\/\/www.labarcarolle.ch\/wp-content\/uploads\/2023\/05\/la-barcarolle-activites-image-02@2x.jpg 600w, https:\/\/www.labarcarolle.ch\/wp-content\/uploads\/2023\/05\/la-barcarolle-activites-image-02@2x-300x300.jpg 300w, https:\/\/www.labarcarolle.ch\/wp-content\/uploads\/2023\/05\/la-barcarolle-activites-image-02@2x-150x150.jpg 150w, https:\/\/www.labarcarolle.ch\/wp-content\/uploads\/2023\/05\/la-barcarolle-activites-image-02@2x-200x200.jpg 200w, https:\/\/www.labarcarolle.ch\/wp-content\/uploads\/2023\/05\/la-barcarolle-activites-image-02@2x-275x275.jpg 275w, https:\/\/www.labarcarolle.ch\/wp-content\/uploads\/2023\/05\/la-barcarolle-activites-image-02@2x-590x590.jpg 590w\" sizes=\"auto, (max-width: 600px) 100vw, 600px\" \/><\/figure>\n\n\n\n<figure class=\"wp-block-image size-full\"><img loading=\"lazy\" decoding=\"async\" width=\"600\" height=\"600\" data-id=\"3428\" src=\"https:\/\/www.labarcarolle.ch\/wp-content\/uploads\/2023\/05\/la-barcarolle-activites-image-03@2x.jpg\" alt=\"\" class=\"wp-image-3428\" srcset=\"https:\/\/www.labarcarolle.ch\/wp-content\/uploads\/2023\/05\/la-barcarolle-activites-image-03@2x.jpg 600w, https:\/\/www.labarcarolle.ch\/wp-content\/uploads\/2023\/05\/la-barcarolle-activites-image-03@2x-300x300.jpg 300w, https:\/\/www.labarcarolle.ch\/wp-content\/uploads\/2023\/05\/la-barcarolle-activites-image-03@2x-150x150.jpg 150w, https:\/\/www.labarcarolle.ch\/wp-content\/uploads\/2023\/05\/la-barcarolle-activites-image-03@2x-200x200.jpg 200w, https:\/\/www.labarcarolle.ch\/wp-content\/uploads\/2023\/05\/la-barcarolle-activites-image-03@2x-275x275.jpg 275w, https:\/\/www.labarcarolle.ch\/wp-content\/uploads\/2023\/05\/la-barcarolle-activites-image-03@2x-590x590.jpg 590w\" sizes=\"auto, (max-width: 600px) 100vw, 600px\" \/><\/figure>\n\n\n\n<figure class=\"wp-block-image size-full\"><img loading=\"lazy\" decoding=\"async\" width=\"600\" height=\"600\" data-id=\"3431\" src=\"https:\/\/www.labarcarolle.ch\/wp-content\/uploads\/2023\/05\/la-barcarolle-activites-image-04@2x.jpg\" alt=\"\" class=\"wp-image-3431\" srcset=\"https:\/\/www.labarcarolle.ch\/wp-content\/uploads\/2023\/05\/la-barcarolle-activites-image-04@2x.jpg 600w, https:\/\/www.labarcarolle.ch\/wp-content\/uploads\/2023\/05\/la-barcarolle-activites-image-04@2x-300x300.jpg 300w, https:\/\/www.labarcarolle.ch\/wp-content\/uploads\/2023\/05\/la-barcarolle-activites-image-04@2x-150x150.jpg 150w, https:\/\/www.labarcarolle.ch\/wp-content\/uploads\/2023\/05\/la-barcarolle-activites-image-04@2x-200x200.jpg 200w, https:\/\/www.labarcarolle.ch\/wp-content\/uploads\/2023\/05\/la-barcarolle-activites-image-04@2x-275x275.jpg 275w, https:\/\/www.labarcarolle.ch\/wp-content\/uploads\/2023\/05\/la-barcarolle-activites-image-04@2x-590x590.jpg 590w\" sizes=\"auto, (max-width: 600px) 100vw, 600px\" \/><\/figure>\n\n\n\n<figure class=\"wp-block-image size-full\"><img loading=\"lazy\" decoding=\"async\" width=\"542\" height=\"380\" data-id=\"6761\" src=\"https:\/\/www.labarcarolle.ch\/wp-content\/uploads\/2023\/12\/museenational-web0023.jpg\" alt=\"\" class=\"wp-image-6761\" srcset=\"https:\/\/www.labarcarolle.ch\/wp-content\/uploads\/2023\/12\/museenational-web0023.jpg 542w, https:\/\/www.labarcarolle.ch\/wp-content\/uploads\/2023\/12\/museenational-web0023-300x210.jpg 300w, https:\/\/www.labarcarolle.ch\/wp-content\/uploads\/2023\/12\/museenational-web0023-200x140.jpg 200w\" sizes=\"auto, (max-width: 542px) 100vw, 542px\" \/><\/figure>\n\n\n\n<figure class=\"wp-block-image size-full\"><img loading=\"lazy\" decoding=\"async\" width=\"600\" height=\"600\" data-id=\"3437\" src=\"https:\/\/www.labarcarolle.ch\/wp-content\/uploads\/2023\/05\/la-barcarolle-activites-image-06@2x.jpg\" alt=\"\" class=\"wp-image-3437\" srcset=\"https:\/\/www.labarcarolle.ch\/wp-content\/uploads\/2023\/05\/la-barcarolle-activites-image-06@2x.jpg 600w, https:\/\/www.labarcarolle.ch\/wp-content\/uploads\/2023\/05\/la-barcarolle-activites-image-06@2x-300x300.jpg 300w, https:\/\/www.labarcarolle.ch\/wp-content\/uploads\/2023\/05\/la-barcarolle-activites-image-06@2x-150x150.jpg 150w, https:\/\/www.labarcarolle.ch\/wp-content\/uploads\/2023\/05\/la-barcarolle-activites-image-06@2x-200x200.jpg 200w, https:\/\/www.labarcarolle.ch\/wp-content\/uploads\/2023\/05\/la-barcarolle-activites-image-06@2x-275x275.jpg 275w, https:\/\/www.labarcarolle.ch\/wp-content\/uploads\/2023\/05\/la-barcarolle-activites-image-06@2x-590x590.jpg 590w\" sizes=\"auto, (max-width: 600px) 100vw, 600px\" \/><\/figure>\n\n\n\n<figure class=\"wp-block-image size-full\"><img loading=\"lazy\" decoding=\"async\" width=\"600\" height=\"600\" data-id=\"3440\" src=\"https:\/\/www.labarcarolle.ch\/wp-content\/uploads\/2023\/05\/la-barcarolle-activites-image-07@2x.jpg\" alt=\"\" class=\"wp-image-3440\" srcset=\"https:\/\/www.labarcarolle.ch\/wp-content\/uploads\/2023\/05\/la-barcarolle-activites-image-07@2x.jpg 600w, https:\/\/www.labarcarolle.ch\/wp-content\/uploads\/2023\/05\/la-barcarolle-activites-image-07@2x-300x300.jpg 300w, https:\/\/www.labarcarolle.ch\/wp-content\/uploads\/2023\/05\/la-barcarolle-activites-image-07@2x-150x150.jpg 150w, https:\/\/www.labarcarolle.ch\/wp-content\/uploads\/2023\/05\/la-barcarolle-activites-image-07@2x-200x200.jpg 200w, https:\/\/www.labarcarolle.ch\/wp-content\/uploads\/2023\/05\/la-barcarolle-activites-image-07@2x-275x275.jpg 275w, https:\/\/www.labarcarolle.ch\/wp-content\/uploads\/2023\/05\/la-barcarolle-activites-image-07@2x-590x590.jpg 590w\" sizes=\"auto, (max-width: 600px) 100vw, 600px\" \/><\/figure>\n\n\n\n<figure class=\"wp-block-image size-full\"><img loading=\"lazy\" decoding=\"async\" width=\"600\" height=\"600\" data-id=\"3443\" src=\"https:\/\/www.labarcarolle.ch\/wp-content\/uploads\/2023\/05\/la-barcarolle-activites-image-08@2x.jpg\" alt=\"\" class=\"wp-image-3443\" srcset=\"https:\/\/www.labarcarolle.ch\/wp-content\/uploads\/2023\/05\/la-barcarolle-activites-image-08@2x.jpg 600w, https:\/\/www.labarcarolle.ch\/wp-content\/uploads\/2023\/05\/la-barcarolle-activites-image-08@2x-300x300.jpg 300w, https:\/\/www.labarcarolle.ch\/wp-content\/uploads\/2023\/05\/la-barcarolle-activites-image-08@2x-150x150.jpg 150w, https:\/\/www.labarcarolle.ch\/wp-content\/uploads\/2023\/05\/la-barcarolle-activites-image-08@2x-200x200.jpg 200w, https:\/\/www.labarcarolle.ch\/wp-content\/uploads\/2023\/05\/la-barcarolle-activites-image-08@2x-275x275.jpg 275w, https:\/\/www.labarcarolle.ch\/wp-content\/uploads\/2023\/05\/la-barcarolle-activites-image-08@2x-590x590.jpg 590w\" sizes=\"auto, (max-width: 600px) 100vw, 600px\" \/><\/figure>\n<\/figure>\n<\/div><\/div>\n\n\n\n<div class=\"wp-block-group\"><div class=\"wp-block-group__inner-container is-layout-constrained wp-block-group-is-layout-constrained\">\n\n<div id=\"block-block_17073cdc5af88be3f4446fd9eb8f33f6\" class=\"c-block-small-card\">\n        <div class=\"flex-row flex-col-xs-2 flex-col-md-4 flex-half-gap\">\n                        <div class=\"col\">\n                    <div class=\"c-block-small-card__item\">\n                        <div class=\"c-block-small-card__image\" style=\"background-image:url('https:\/\/www.labarcarolle.ch\/wp-content\/uploads\/2023\/05\/la-barcarolle-activit-s-offres-speciales@2x.jpg')\"><\/div>\n                        <div class=\"c-block-small-card__content-container\">\n                            \n                                <div data-animation=\"fadeIn\" class=\"c-block-small-card__content\">\n                                    <a href=\"https:\/\/www.labarcarolle.ch\/de\/offres\/\" target=\"_blank\">                                        <h3 class=\"title__small-card\">Spezial<br>Angebote<\/h3>\n                                    \n                                        <div class=\"c-block-small-card__link\"><\/div>\n                                    <\/a>                                <\/div>\n                           \n                        <\/div>\n                    <\/div>\n                <\/div>\n                            <div class=\"col\">\n                    <div class=\"c-block-small-card__item\">\n                        <div class=\"c-block-small-card__image\" style=\"background-image:url('https:\/\/www.labarcarolle.ch\/wp-content\/uploads\/2023\/05\/la-barcarolle-activit-s-restaurant-le-8@2x.jpg')\"><\/div>\n                        <div class=\"c-block-small-card__content-container\">\n                            \n                                <div data-animation=\"fadeIn\" class=\"c-block-small-card__content\">\n                                    <a href=\"https:\/\/www.labarcarolle.ch\/de\/restaurant\/\" target=\"_blank\">                                        <h3 class=\"title__small-card\">Restaurant<br>le 8<\/h3>\n                                    \n                                        <div class=\"c-block-small-card__link\"><\/div>\n                                    <\/a>                                <\/div>\n                           \n                        <\/div>\n                    <\/div>\n                <\/div>\n                            <div class=\"col\">\n                    <div class=\"c-block-small-card__item\">\n                        <div class=\"c-block-small-card__image\" style=\"background-image:url('https:\/\/www.labarcarolle.ch\/wp-content\/uploads\/2023\/02\/la-barcarolle-seminaires-beach-bar@2x.jpg')\"><\/div>\n                        <div class=\"c-block-small-card__content-container\">\n                            \n                                <div data-animation=\"fadeIn\" class=\"c-block-small-card__content\">\n                                    <a href=\"https:\/\/www.labarcarolle.ch\/de\/beach-bar\/\" target=\"_blank\">                                        <h3 class=\"title__small-card\">Beach bar<\/h3>\n                                    \n                                        <div class=\"c-block-small-card__link\"><\/div>\n                                    <\/a>                                <\/div>\n                           \n                        <\/div>\n                    <\/div>\n                <\/div>\n                            <div class=\"col\">\n                    <div class=\"c-block-small-card__item\">\n                        <div class=\"c-block-small-card__image\" style=\"background-image:url('https:\/\/www.labarcarolle.ch\/wp-content\/uploads\/2023\/05\/la-barcarolle-activites-evenements@2x.jpg')\"><\/div>\n                        <div class=\"c-block-small-card__content-container\">\n                            \n                                <div data-animation=\"fadeIn\" class=\"c-block-small-card__content\">\n                                    <a href=\"https:\/\/www.labarcarolle.ch\/de\/veranstaltungen\/\" target=\"_blank\">                                        <h3 class=\"title__small-card\">Events<\/h3>\n                                    \n                                        <div class=\"c-block-small-card__link\"><\/div>\n                                    <\/a>                                <\/div>\n                           \n                        <\/div>\n                    <\/div>\n                <\/div>\n                <\/div>\n<\/div>\n<\/div><\/div>\n","protected":false},"excerpt":{"rendered":"<p>Ein Aufenthalt, der auf Ihre W\u00fcnsche zugeschnitten ist Die Domaine de La Barcarolle liegt ideal am Ufer des Genfersee und verf\u00fcgt \u00fcber einen direkten Seezugang. W\u00e4hrend Ihres Aufenthalts im Hotel k\u00f6nnen Sie sich entspannen und die Ruhe sowie den Charme der Umgebung genie\u00dfen. Wir bieten Ihnen verschiedene Aktivit\u00e4ten w\u00e4hrend der Saison oder teilweise auch das [&hellip;]<\/p>\n","protected":false},"author":2,"featured_media":0,"parent":0,"menu_order":0,"comment_status":"closed","ping_status":"closed","template":"","meta":{"_acf_changed":false,"footnotes":""},"class_list":["post-3494","page","type-page","status-publish","hentry"],"acf":[],"yoast_head":"<!-- This site is optimized with the Yoast SEO plugin v23.1 - https:\/\/yoast.com\/wordpress\/plugins\/seo\/ -->\n<title>Salle de s\u00e9minaire en Suisse romande | H\u00f4tel La Barcarolle<\/title>\n<meta name=\"description\" content=\"A la recherche d&#039;une id\u00e9e de sortie d&#039;entreprise? Notre h\u00f4tel vous propose la location de salles de s\u00e9minaire et salles de conf\u00e9rence pour tous vos MICE.\" \/>\n<meta name=\"robots\" content=\"index, follow, max-snippet:-1, max-image-preview:large, max-video-preview:-1\" \/>\n<link rel=\"canonical\" href=\"https:\/\/www.labarcarolle.ch\/de\/aktivitaeten\/\" \/>\n<meta property=\"og:locale\" content=\"de_DE\" \/>\n<meta property=\"og:type\" content=\"article\" \/>\n<meta property=\"og:title\" content=\"Salle de s\u00e9minaire en Suisse romande | H\u00f4tel La Barcarolle\" \/>\n<meta property=\"og:description\" content=\"A la recherche d&#039;une id\u00e9e de sortie d&#039;entreprise? Notre h\u00f4tel vous propose la location de salles de s\u00e9minaire et salles de conf\u00e9rence pour tous vos MICE.\" \/>\n<meta property=\"og:url\" content=\"https:\/\/www.labarcarolle.ch\/de\/aktivitaeten\/\" \/>\n<meta property=\"og:site_name\" content=\"La Barcarolle Hotel\" \/>\n<meta property=\"article:modified_time\" content=\"2024-07-17T11:59:24+00:00\" \/>\n<meta property=\"og:image\" content=\"https:\/\/www.labarcarolle.ch\/wp-content\/uploads\/2024\/05\/Hotel-La-Barcarolle-yogaduozen-ete2024.jpg\" \/>\n<meta name=\"twitter:card\" content=\"summary_large_image\" \/>\n<meta name=\"twitter:label1\" content=\"Gesch\u00e4tzte Lesezeit\" \/>\n\t<meta name=\"twitter:data1\" content=\"3\u00a0Minuten\" \/>\n<script type=\"application\/ld+json\" class=\"yoast-schema-graph\">{\"@context\":\"https:\/\/schema.org\",\"@graph\":[{\"@type\":\"WebPage\",\"@id\":\"https:\/\/www.labarcarolle.ch\/de\/aktivitaeten\/\",\"url\":\"https:\/\/www.labarcarolle.ch\/de\/aktivitaeten\/\",\"name\":\"Salle de s\u00e9minaire en Suisse romande | H\u00f4tel La Barcarolle\",\"isPartOf\":{\"@id\":\"https:\/\/www.labarcarolle.ch\/de\/#website\"},\"primaryImageOfPage\":{\"@id\":\"https:\/\/www.labarcarolle.ch\/de\/aktivitaeten\/#primaryimage\"},\"image\":{\"@id\":\"https:\/\/www.labarcarolle.ch\/de\/aktivitaeten\/#primaryimage\"},\"thumbnailUrl\":\"https:\/\/www.labarcarolle.ch\/wp-content\/uploads\/2024\/05\/Hotel-La-Barcarolle-yogaduozen-ete2024.jpg\",\"datePublished\":\"2023-05-23T08:44:39+00:00\",\"dateModified\":\"2024-07-17T11:59:24+00:00\",\"description\":\"A la recherche d'une id\u00e9e de sortie d'entreprise? Notre h\u00f4tel vous propose la location de salles de s\u00e9minaire et salles de conf\u00e9rence pour tous vos MICE.\",\"breadcrumb\":{\"@id\":\"https:\/\/www.labarcarolle.ch\/de\/aktivitaeten\/#breadcrumb\"},\"inLanguage\":\"de\",\"potentialAction\":[{\"@type\":\"ReadAction\",\"target\":[\"https:\/\/www.labarcarolle.ch\/de\/aktivitaeten\/\"]}]},{\"@type\":\"ImageObject\",\"inLanguage\":\"de\",\"@id\":\"https:\/\/www.labarcarolle.ch\/de\/aktivitaeten\/#primaryimage\",\"url\":\"https:\/\/www.labarcarolle.ch\/wp-content\/uploads\/2024\/05\/Hotel-La-Barcarolle-yogaduozen-ete2024.jpg\",\"contentUrl\":\"https:\/\/www.labarcarolle.ch\/wp-content\/uploads\/2024\/05\/Hotel-La-Barcarolle-yogaduozen-ete2024.jpg\"},{\"@type\":\"BreadcrumbList\",\"@id\":\"https:\/\/www.labarcarolle.ch\/de\/aktivitaeten\/#breadcrumb\",\"itemListElement\":[{\"@type\":\"ListItem\",\"position\":1,\"name\":\"Home\",\"item\":\"https:\/\/www.labarcarolle.ch\/de\/\"},{\"@type\":\"ListItem\",\"position\":2,\"name\":\"Aktivit\u00e4ten vor Ort\"}]},{\"@type\":\"WebSite\",\"@id\":\"https:\/\/www.labarcarolle.ch\/de\/#website\",\"url\":\"https:\/\/www.labarcarolle.ch\/de\/\",\"name\":\"La Barcarolle Hotel\",\"description\":\"Un h\u00f4tel unique entre Gen\u00e8ve et Lausanne avec un acc\u00e8s direct au lac\",\"publisher\":{\"@id\":\"https:\/\/www.labarcarolle.ch\/de\/#organization\"},\"alternateName\":\"Barcarolle\",\"potentialAction\":[{\"@type\":\"SearchAction\",\"target\":{\"@type\":\"EntryPoint\",\"urlTemplate\":\"https:\/\/www.labarcarolle.ch\/de\/?s={search_term_string}\"},\"query-input\":\"required name=search_term_string\"}],\"inLanguage\":\"de\"},{\"@type\":\"Organization\",\"@id\":\"https:\/\/www.labarcarolle.ch\/de\/#organization\",\"name\":\"La Barcarolle Hotel\",\"url\":\"https:\/\/www.labarcarolle.ch\/de\/\",\"logo\":{\"@type\":\"ImageObject\",\"inLanguage\":\"de\",\"@id\":\"https:\/\/www.labarcarolle.ch\/de\/#\/schema\/logo\/image\/\",\"url\":\"https:\/\/www.labarcarolle.ch\/wp-content\/uploads\/2023\/10\/la-barcarolle-menu-logo.svg\",\"contentUrl\":\"https:\/\/www.labarcarolle.ch\/wp-content\/uploads\/2023\/10\/la-barcarolle-menu-logo.svg\",\"width\":787,\"height\":250,\"caption\":\"La Barcarolle Hotel\"},\"image\":{\"@id\":\"https:\/\/www.labarcarolle.ch\/de\/#\/schema\/logo\/image\/\"}}]}<\/script>\n<!-- \/ Yoast SEO plugin. -->","yoast_head_json":{"title":"Salle de s\u00e9minaire en Suisse romande | H\u00f4tel La Barcarolle","description":"A la recherche d'une id\u00e9e de sortie d'entreprise? Notre h\u00f4tel vous propose la location de salles de s\u00e9minaire et salles de conf\u00e9rence pour tous vos MICE.","robots":{"index":"index","follow":"follow","max-snippet":"max-snippet:-1","max-image-preview":"max-image-preview:large","max-video-preview":"max-video-preview:-1"},"canonical":"https:\/\/www.labarcarolle.ch\/de\/aktivitaeten\/","og_locale":"de_DE","og_type":"article","og_title":"Salle de s\u00e9minaire en Suisse romande | H\u00f4tel La Barcarolle","og_description":"A la recherche d'une id\u00e9e de sortie d'entreprise? Notre h\u00f4tel vous propose la location de salles de s\u00e9minaire et salles de conf\u00e9rence pour tous vos MICE.","og_url":"https:\/\/www.labarcarolle.ch\/de\/aktivitaeten\/","og_site_name":"La Barcarolle Hotel","article_modified_time":"2024-07-17T11:59:24+00:00","og_image":[{"url":"https:\/\/www.labarcarolle.ch\/wp-content\/uploads\/2024\/05\/Hotel-La-Barcarolle-yogaduozen-ete2024.jpg"}],"twitter_card":"summary_large_image","twitter_misc":{"Gesch\u00e4tzte Lesezeit":"3\u00a0Minuten"},"schema":{"@context":"https:\/\/schema.org","@graph":[{"@type":"WebPage","@id":"https:\/\/www.labarcarolle.ch\/de\/aktivitaeten\/","url":"https:\/\/www.labarcarolle.ch\/de\/aktivitaeten\/","name":"Salle de s\u00e9minaire en Suisse romande | H\u00f4tel La Barcarolle","isPartOf":{"@id":"https:\/\/www.labarcarolle.ch\/de\/#website"},"primaryImageOfPage":{"@id":"https:\/\/www.labarcarolle.ch\/de\/aktivitaeten\/#primaryimage"},"image":{"@id":"https:\/\/www.labarcarolle.ch\/de\/aktivitaeten\/#primaryimage"},"thumbnailUrl":"https:\/\/www.labarcarolle.ch\/wp-content\/uploads\/2024\/05\/Hotel-La-Barcarolle-yogaduozen-ete2024.jpg","datePublished":"2023-05-23T08:44:39+00:00","dateModified":"2024-07-17T11:59:24+00:00","description":"A la recherche d'une id\u00e9e de sortie d'entreprise? Notre h\u00f4tel vous propose la location de salles de s\u00e9minaire et salles de conf\u00e9rence pour tous vos MICE.","breadcrumb":{"@id":"https:\/\/www.labarcarolle.ch\/de\/aktivitaeten\/#breadcrumb"},"inLanguage":"de","potentialAction":[{"@type":"ReadAction","target":["https:\/\/www.labarcarolle.ch\/de\/aktivitaeten\/"]}]},{"@type":"ImageObject","inLanguage":"de","@id":"https:\/\/www.labarcarolle.ch\/de\/aktivitaeten\/#primaryimage","url":"https:\/\/www.labarcarolle.ch\/wp-content\/uploads\/2024\/05\/Hotel-La-Barcarolle-yogaduozen-ete2024.jpg","contentUrl":"https:\/\/www.labarcarolle.ch\/wp-content\/uploads\/2024\/05\/Hotel-La-Barcarolle-yogaduozen-ete2024.jpg"},{"@type":"BreadcrumbList","@id":"https:\/\/www.labarcarolle.ch\/de\/aktivitaeten\/#breadcrumb","itemListElement":[{"@type":"ListItem","position":1,"name":"Home","item":"https:\/\/www.labarcarolle.ch\/de\/"},{"@type":"ListItem","position":2,"name":"Aktivit\u00e4ten vor Ort"}]},{"@type":"WebSite","@id":"https:\/\/www.labarcarolle.ch\/de\/#website","url":"https:\/\/www.labarcarolle.ch\/de\/","name":"La Barcarolle Hotel","description":"Un h\u00f4tel unique entre Gen\u00e8ve et Lausanne avec un acc\u00e8s direct au lac","publisher":{"@id":"https:\/\/www.labarcarolle.ch\/de\/#organization"},"alternateName":"Barcarolle","potentialAction":[{"@type":"SearchAction","target":{"@type":"EntryPoint","urlTemplate":"https:\/\/www.labarcarolle.ch\/de\/?s={search_term_string}"},"query-input":"required name=search_term_string"}],"inLanguage":"de"},{"@type":"Organization","@id":"https:\/\/www.labarcarolle.ch\/de\/#organization","name":"La Barcarolle Hotel","url":"https:\/\/www.labarcarolle.ch\/de\/","logo":{"@type":"ImageObject","inLanguage":"de","@id":"https:\/\/www.labarcarolle.ch\/de\/#\/schema\/logo\/image\/","url":"https:\/\/www.labarcarolle.ch\/wp-content\/uploads\/2023\/10\/la-barcarolle-menu-logo.svg","contentUrl":"https:\/\/www.labarcarolle.ch\/wp-content\/uploads\/2023\/10\/la-barcarolle-menu-logo.svg","width":787,"height":250,"caption":"La Barcarolle Hotel"},"image":{"@id":"https:\/\/www.labarcarolle.ch\/de\/#\/schema\/logo\/image\/"}}]}},"_links":{"self":[{"href":"https:\/\/www.labarcarolle.ch\/de\/wp-json\/wp\/v2\/pages\/3494","targetHints":{"allow":["GET"]}}],"collection":[{"href":"https:\/\/www.labarcarolle.ch\/de\/wp-json\/wp\/v2\/pages"}],"about":[{"href":"https:\/\/www.labarcarolle.ch\/de\/wp-json\/wp\/v2\/types\/page"}],"author":[{"embeddable":true,"href":"https:\/\/www.labarcarolle.ch\/de\/wp-json\/wp\/v2\/users\/2"}],"replies":[{"embeddable":true,"href":"https:\/\/www.labarcarolle.ch\/de\/wp-json\/wp\/v2\/comments?post=3494"}],"version-history":[{"count":24,"href":"https:\/\/www.labarcarolle.ch\/de\/wp-json\/wp\/v2\/pages\/3494\/revisions"}],"predecessor-version":[{"id":9733,"href":"https:\/\/www.labarcarolle.ch\/de\/wp-json\/wp\/v2\/pages\/3494\/revisions\/9733"}],"wp:attachment":[{"href":"https:\/\/www.labarcarolle.ch\/de\/wp-json\/wp\/v2\/media?parent=3494"}],"curies":[{"name":"wp","href":"https:\/\/api.w.org\/{rel}","templated":true}]}}